{"id":7376,"date":"2023-03-08T21:50:15","date_gmt":"2023-03-08T21:50:15","guid":{"rendered":"https:\/\/tavapy.gov.py\/biblioteca\/?post_type=product&#038;p=7376"},"modified":"2023-03-08T21:55:44","modified_gmt":"2023-03-08T21:55:44","slug":"los-reyes-de-la-arena-cuentos-de-terror","status":"publish","type":"product","link":"https:\/\/tavapy.gov.py\/biblioteca\/product\/los-reyes-de-la-arena-cuentos-de-terror\/","title":{"rendered":"LOS REYES DE LA ARENA. CUENTOS DE TERROR."},"content":{"rendered":"","protected":false},"excerpt":{"rendered":"<p>George R. R. Martin, el autor de fantas\u00eda m\u00e1s importante del mundo, demuestra aqu\u00ed su magistral dominio del g\u00e9nero de terror: \u00abLos reyes de la arena\u00bb, relato que da t\u00edtulo al presente volumen, fue multipremiado con los prestigiosos Hugo, Nebula y Locus.<\/p>\n<p>Antes de vender millones de ejemplares y cosechar fama mundial por la saga Canci\u00f3n de Hielo y Fuego, George R. R. Martin public\u00f3 cuentos y novelas de fantas\u00eda, terror y ciencia ficci\u00f3n.<\/p>\n<p>Gracias a sus extraordinarias dotes narrativas y su capacidad magistral para crear mundos, se ha ganado el respeto de los lectores y la ovaci\u00f3n de los jurados de los premios Hugo, Nebula, World Fantasy Awards y varios m\u00e1s.<\/p>\n<p>El protagonista de \u00abLos reyes de la arena\u00bb, novela corta que da t\u00edtulo a esta antolog\u00eda, convive con criaturas que parecen insectos, pero no lo son; en su arrogancia, cree que puede imponer su voluntad sobre especies provenientes de otros planetas, sin considerar que hay criaturas igual de mort\u00edferas e inteligentes que los humanos.<\/p>\n<p>Martin es adem\u00e1s un maestro para combinar g\u00e9neros: \u00abTr\u00e1fico de piel\u00bb es un relato noir con lic\u00e1ntropos, y la mezcla de horror con ciencia ficci\u00f3n de \u00abEn la casa del Gusano\u00bb nos hace sentir nostalgia por un sol moribundo que no conoceremos jam\u00e1s.<\/p>\n<p>La obra Los reyes de la arena. Cuentos de terror de George R.R. Martin fue publicada en el 2.018.<\/p>\n<p><a href=\"https:\/\/tavapy.gov.py\/biblioteca\/wp-content\/uploads\/2023\/03\/MartinG-Los-reyes-de-la-arena.pdf\" target=\"_blank\" rel=\"attachment noopener wp-att-7271\"><img loading=\"lazy\" decoding=\"async\" class=\"size-full wp-image-7271 alignleft\" src=\"https:\/\/tavapy.gov.py\/biblioteca\/wp-content\/uploads\/2023\/02\/icono-PDF-copia-2-3.png\" alt=\"\" width=\"121\" height=\"140\" \/><\/a><\/p>\n","protected":false},"featured_media":7351,"comment_status":"open","ping_status":"closed","template":"","meta":{"spay_email":""},"product_cat":[1010],"product_tag":[],"class_list":{"0":"post-7376","1":"product","2":"type-product","3":"status-publish","4":"has-post-thumbnail","6":"book_author-george-r-r-martin","7":"product_cat-cuento-de-terror","8":"entry"},"_links":{"self":[{"href":"https:\/\/tavapy.gov.py\/biblioteca\/wp-json\/wp\/v2\/product\/7376","targetHints":{"allow":["GET"]}}],"collection":[{"href":"https:\/\/tavapy.gov.py\/biblioteca\/wp-json\/wp\/v2\/product"}],"about":[{"href":"https:\/\/tavapy.gov.py\/biblioteca\/wp-json\/wp\/v2\/types\/product"}],"replies":[{"embeddable":true,"href":"https:\/\/tavapy.gov.py\/biblioteca\/wp-json\/wp\/v2\/comments?post=7376"}],"wp:featuredmedia":[{"embeddable":true,"href":"https:\/\/tavapy.gov.py\/biblioteca\/wp-json\/wp\/v2\/media\/7351"}],"wp:attachment":[{"href":"https:\/\/tavapy.gov.py\/biblioteca\/wp-json\/wp\/v2\/media?parent=7376"}],"wp:term":[{"taxonomy":"product_cat","embeddable":true,"href":"https:\/\/tavapy.gov.py\/biblioteca\/wp-json\/wp\/v2\/product_cat?post=7376"},{"taxonomy":"product_tag","embeddable":true,"href":"https:\/\/tavapy.gov.py\/biblioteca\/wp-json\/wp\/v2\/product_tag?post=7376"}],"curies":[{"name":"wp","href":"https:\/\/api.w.org\/{rel}","templated":true}]}}