{"id":7378,"date":"2023-03-08T22:05:52","date_gmt":"2023-03-08T22:05:52","guid":{"rendered":"https:\/\/tavapy.gov.py\/biblioteca\/?post_type=product&#038;p=7378"},"modified":"2023-03-08T22:05:52","modified_gmt":"2023-03-08T22:05:52","slug":"muerte-de-la-luz","status":"publish","type":"product","link":"https:\/\/tavapy.gov.py\/biblioteca\/product\/muerte-de-la-luz\/","title":{"rendered":"MUERTE DE LA LUZ."},"content":{"rendered":"","protected":false},"excerpt":{"rendered":"<p>Muerte de la luz es una novela de ciencia ficci\u00f3n, escrita por George R. R. Martin en el a\u00f1o 1977.<\/p>\n<p>Worlorn es un planeta en \u00f3rbita errante que en un tiempo alberg\u00f3 una gran feria de culturas. Ahora est\u00e1 sumergido en un estado de abandono del que nadie se preocupa pues est\u00e1 cerca de su inevitable muerte, alej\u00e1ndose cada a\u00f1o un poco m\u00e1s de la estrella que le dio vida.<\/p>\n<p>Un hombre llamado Dirk T&#8217;Larien acude a Worlorn para cumplir con una vieja promesa de amor a Gwen Delvano. Es aqu\u00ed donde empieza todo, ya que los pocos habitantes que quedan en el planeta provienen de distintas culturas que acabar\u00e1n chocando rec\u00edprocamente, entre las cuales la \u00abKavalar\u00bb es la predominante.<\/p>\n<p>En realidad, una segunda lectura nos indica, que el libro, con todos los ingredientes de una novela de ciencia ficci\u00f3n, tambi\u00e9n nos relata una hermosa y desesperanzada historia de amor, que bien puede ser la que Dirk T\u00b4larien protagoniza junto a Gwen Delvano, la mujer por la que regresa a Worlorn; pero tambi\u00e9n, aunque solapadamente, este amor puede ser a\u00fan m\u00e1s general, el que se siente ante una cultura (la kavalar) que, lentamente, se despide del universo de la mano de este planeta moribundo, postergando su ocaso en una lenta y melanc\u00f3lica agon\u00eda.<\/p>\n<p>Muy bellamente narrada, merecen especial atenci\u00f3n los detalles con los George R. R. Martin nos explica la cultura kavalar, a la que nutre de tradiciones, historia y una notable credibilidad.<\/p>\n<p><a href=\"https:\/\/tavapy.gov.py\/biblioteca\/wp-content\/uploads\/2023\/03\/MartinG-Muerte-de-la-luz.pdf\" target=\"_blank\" rel=\"attachment noopener wp-att-7271\"><img loading=\"lazy\" decoding=\"async\" class=\"size-full wp-image-7271 alignleft\" src=\"https:\/\/tavapy.gov.py\/biblioteca\/wp-content\/uploads\/2023\/02\/icono-PDF-copia-2-3.png\" alt=\"\" width=\"121\" height=\"140\" \/><\/a><\/p>\n","protected":false},"featured_media":7353,"comment_status":"open","ping_status":"closed","template":"","meta":{"spay_email":""},"product_cat":[592],"product_tag":[],"class_list":{"0":"post-7378","1":"product","2":"type-product","3":"status-publish","4":"has-post-thumbnail","6":"book_author-george-r-r-martin","7":"product_cat-novela-ciencia-ficcion","8":"entry"},"_links":{"self":[{"href":"https:\/\/tavapy.gov.py\/biblioteca\/wp-json\/wp\/v2\/product\/7378","targetHints":{"allow":["GET"]}}],"collection":[{"href":"https:\/\/tavapy.gov.py\/biblioteca\/wp-json\/wp\/v2\/product"}],"about":[{"href":"https:\/\/tavapy.gov.py\/biblioteca\/wp-json\/wp\/v2\/types\/product"}],"replies":[{"embeddable":true,"href":"https:\/\/tavapy.gov.py\/biblioteca\/wp-json\/wp\/v2\/comments?post=7378"}],"wp:featuredmedia":[{"embeddable":true,"href":"https:\/\/tavapy.gov.py\/biblioteca\/wp-json\/wp\/v2\/media\/7353"}],"wp:attachment":[{"href":"https:\/\/tavapy.gov.py\/biblioteca\/wp-json\/wp\/v2\/media?parent=7378"}],"wp:term":[{"taxonomy":"product_cat","embeddable":true,"href":"https:\/\/tavapy.gov.py\/biblioteca\/wp-json\/wp\/v2\/product_cat?post=7378"},{"taxonomy":"product_tag","embeddable":true,"href":"https:\/\/tavapy.gov.py\/biblioteca\/wp-json\/wp\/v2\/product_tag?post=7378"}],"curies":[{"name":"wp","href":"https:\/\/api.w.org\/{rel}","templated":true}]}}