{"id":7379,"date":"2023-03-09T01:14:14","date_gmt":"2023-03-09T01:14:14","guid":{"rendered":"https:\/\/tavapy.gov.py\/biblioteca\/?post_type=product&#038;p=7379"},"modified":"2023-03-09T01:14:15","modified_gmt":"2023-03-09T01:14:15","slug":"retratos-de-sus-hijos-cuentos-de-lo-extrano","status":"publish","type":"product","link":"https:\/\/tavapy.gov.py\/biblioteca\/product\/retratos-de-sus-hijos-cuentos-de-lo-extrano\/","title":{"rendered":"RETRATOS DE SUS HIJOS. CUENTOS DE LO EXTRA\u00d1O."},"content":{"rendered":"","protected":false},"excerpt":{"rendered":"<p>George R.R. Martin, el genio detr\u00e1s de Juego de Tronos, nos presenta, por primera vez en espa\u00f1ol, sus historias m\u00e1s inquietantes, relatos inclasificables cruzados por la fantas\u00eda, el terror y la ciencia ficci\u00f3n, que nos desaf\u00edan a la manera de Franz Kafka y Philip K. Dick<\/p>\n<p>Un hombre paranoico quiere conocer la verdad oculta detr\u00e1s de su infatigable huida. Un escritor dialoga con los retratos de los personajes que ha creado. El presidente de Finlandia, en cuyas manos est\u00e1 el destino de su pa\u00eds en guerra, escucha voces dentro de su cabeza, y no es porque est\u00e9 loco, \u00bfo s\u00ed?<\/p>\n<p>Una antigua roomate se aparece en la vida de sus amigos sin un prop\u00f3sito aparente, pero las consecuencias de su visita los har\u00e1 horrorizarse.<\/p>\n<p>Estas son solo algunas de las premisas de los cuentos reunidos en el presente volumen publicado en el 2.018, el cual es una invitaci\u00f3n a descubrir la extraordinaria capacidad de George R. R. Martin para concebir personajes y mundos que escapan caprichosamente de todo l\u00edmite y categor\u00eda.<\/p>\n<p><a href=\"https:\/\/tavapy.gov.py\/biblioteca\/wp-content\/uploads\/2023\/03\/MartinG-Retratos-de-sus-hijos.pdf\" target=\"_blank\" rel=\"attachment noopener wp-att-7271\"><img loading=\"lazy\" decoding=\"async\" class=\"size-full wp-image-7271 alignleft\" src=\"https:\/\/tavapy.gov.py\/biblioteca\/wp-content\/uploads\/2023\/02\/icono-PDF-copia-2-3.png\" alt=\"\" width=\"121\" height=\"140\" \/><\/a><\/p>\n","protected":false},"featured_media":7355,"comment_status":"open","ping_status":"closed","template":"","meta":{"spay_email":""},"product_cat":[1008],"product_tag":[],"class_list":{"0":"post-7379","1":"product","2":"type-product","3":"status-publish","4":"has-post-thumbnail","6":"book_author-george-r-r-martin","7":"product_cat-novela-de-terror","8":"entry"},"_links":{"self":[{"href":"https:\/\/tavapy.gov.py\/biblioteca\/wp-json\/wp\/v2\/product\/7379","targetHints":{"allow":["GET"]}}],"collection":[{"href":"https:\/\/tavapy.gov.py\/biblioteca\/wp-json\/wp\/v2\/product"}],"about":[{"href":"https:\/\/tavapy.gov.py\/biblioteca\/wp-json\/wp\/v2\/types\/product"}],"replies":[{"embeddable":true,"href":"https:\/\/tavapy.gov.py\/biblioteca\/wp-json\/wp\/v2\/comments?post=7379"}],"wp:featuredmedia":[{"embeddable":true,"href":"https:\/\/tavapy.gov.py\/biblioteca\/wp-json\/wp\/v2\/media\/7355"}],"wp:attachment":[{"href":"https:\/\/tavapy.gov.py\/biblioteca\/wp-json\/wp\/v2\/media?parent=7379"}],"wp:term":[{"taxonomy":"product_cat","embeddable":true,"href":"https:\/\/tavapy.gov.py\/biblioteca\/wp-json\/wp\/v2\/product_cat?post=7379"},{"taxonomy":"product_tag","embeddable":true,"href":"https:\/\/tavapy.gov.py\/biblioteca\/wp-json\/wp\/v2\/product_tag?post=7379"}],"curies":[{"name":"wp","href":"https:\/\/api.w.org\/{rel}","templated":true}]}}