{"id":7381,"date":"2023-03-10T02:31:25","date_gmt":"2023-03-10T02:31:25","guid":{"rendered":"https:\/\/tavapy.gov.py\/biblioteca\/?post_type=product&#038;p=7381"},"modified":"2023-03-10T02:31:26","modified_gmt":"2023-03-10T02:31:26","slug":"a-que-estas-esperando","status":"publish","type":"product","link":"https:\/\/tavapy.gov.py\/biblioteca\/product\/a-que-estas-esperando\/","title":{"rendered":"\u00bfA QU\u00c9 EST\u00c1S ESPERANDO?"},"content":{"rendered":"","protected":false},"excerpt":{"rendered":"<p>Vuelve a so\u00f1ar con la nueva novela de la autora espa\u00f1ola m\u00e1s vendida.<\/p>\n<p>Can Drogo, piloto e hijo del due\u00f1o de la empresa aeron\u00e1utica High Drogo, es un hombre alto, guapo, adinerado, simp\u00e1tico&#8230; Puede elegir a la mujer que desee, y aunque disfruta de esa \u00abmagia especial\u00bb con la que le ha dotado la vida, en su interior siente que todas lo aburren.<\/p>\n<p>Por su parte, Sonia Becher es la mayor de cuatro hermanas y la propietaria de una empresa de eventos y de una agencia de modelos.<\/p>\n<p>Can ve en ella a una chica divertida, atrevida, sin tab\u00faes, con la que se puede hablar de todo, incluido de sexo, pero poco m\u00e1s, pues considera que no es su tipo. Hasta que un d\u00eda las sonrisas y las miradas de la joven no van dirigidas a \u00e9l, y eso, sin saber por qu\u00e9, comienza a molestarlo.<\/p>\n<p>\u00bfEn serio Sonia va a sonre\u00edr a otros hombres estando \u00e9l delante?<\/p>\n<p>Sexo. Familia. Diversi\u00f3n. Locura. Todo esto es lo que vas a encontrar en \u00bfA qu\u00e9 est\u00e1s esperando?, una novela que te har\u00e1 ver que, en ocasiones, tu coraz\u00f3n se desboca por quien menos esperas sin que puedas frenarlo.<\/p>\n<p>La obra \u00bfA qu\u00e9 est\u00e1s esperando? De Megan Maxwell fue publicada en el 2.020.<\/p>\n<p><a href=\"https:\/\/tavapy.gov.py\/biblioteca\/wp-content\/uploads\/2023\/03\/MaxwellM-\u00bfA-que-estas-esperando.pdf\" target=\"_blank\" rel=\"noopener\"><img loading=\"lazy\" decoding=\"async\" class=\"size-full wp-image-7418 alignleft\" src=\"https:\/\/tavapy.gov.py\/biblioteca\/wp-content\/uploads\/2023\/03\/icono-PDF-copia-2.png\" alt=\"\" width=\"121\" height=\"140\" \/><\/a><\/p>\n","protected":false},"featured_media":7382,"comment_status":"open","ping_status":"closed","template":"","meta":{"spay_email":""},"product_cat":[896],"product_tag":[],"class_list":{"0":"post-7381","1":"product","2":"type-product","3":"status-publish","4":"has-post-thumbnail","6":"book_author-megan-maxwell","7":"product_cat-novela-romantica-y-erotica","8":"entry"},"_links":{"self":[{"href":"https:\/\/tavapy.gov.py\/biblioteca\/wp-json\/wp\/v2\/product\/7381","targetHints":{"allow":["GET"]}}],"collection":[{"href":"https:\/\/tavapy.gov.py\/biblioteca\/wp-json\/wp\/v2\/product"}],"about":[{"href":"https:\/\/tavapy.gov.py\/biblioteca\/wp-json\/wp\/v2\/types\/product"}],"replies":[{"embeddable":true,"href":"https:\/\/tavapy.gov.py\/biblioteca\/wp-json\/wp\/v2\/comments?post=7381"}],"wp:featuredmedia":[{"embeddable":true,"href":"https:\/\/tavapy.gov.py\/biblioteca\/wp-json\/wp\/v2\/media\/7382"}],"wp:attachment":[{"href":"https:\/\/tavapy.gov.py\/biblioteca\/wp-json\/wp\/v2\/media?parent=7381"}],"wp:term":[{"taxonomy":"product_cat","embeddable":true,"href":"https:\/\/tavapy.gov.py\/biblioteca\/wp-json\/wp\/v2\/product_cat?post=7381"},{"taxonomy":"product_tag","embeddable":true,"href":"https:\/\/tavapy.gov.py\/biblioteca\/wp-json\/wp\/v2\/product_tag?post=7381"}],"curies":[{"name":"wp","href":"https:\/\/api.w.org\/{rel}","templated":true}]}}