{"id":7419,"date":"2023-03-10T02:38:06","date_gmt":"2023-03-10T02:38:06","guid":{"rendered":"https:\/\/tavapy.gov.py\/biblioteca\/?post_type=product&#038;p=7419"},"modified":"2023-03-10T02:38:06","modified_gmt":"2023-03-10T02:38:06","slug":"y-si-lo-probamos","status":"publish","type":"product","link":"https:\/\/tavapy.gov.py\/biblioteca\/product\/y-si-lo-probamos\/","title":{"rendered":"\u00bfY SI LO PROBAMOS\u2026?"},"content":{"rendered":"","protected":false},"excerpt":{"rendered":"<p>Una novela rom\u00e1ntico-er\u00f3tica que te har\u00e1 ver que lo que es para ti lo ser\u00e1 aunque te apartes, y lo que no, aunque te pongas.<\/p>\n<p>\u00a1Hola!<\/p>\n<p>Me llamo Ver\u00f3nica Jim\u00e9nez, tengo treinta y ocho a\u00f1os y soy una mujer independiente, trabajadora, aut\u00f3noma y, seg\u00fan dicen quienes me conocen, bastante cabezota y controladora. Vale, lo confieso, lo soy. Pero \u00bfacaso hay alguien perfecto?<\/p>\n<p>Yo era de las que cre\u00eda en princesas y pr\u00edncipes, hasta que el m\u00edo se convirti\u00f3 en un sapo y decid\u00ed que el romanticismo no era para m\u00ed. As\u00ed que para horror de quienes me rodean, me impuse tres reglas para disfrutar del sexo sin compromiso.<\/p>\n<p>La primera: no enrollarme nunca con hombres casados. Soy de las que respetan y jam\u00e1s hago nada que no me gustar\u00eda que me hicieran a m\u00ed.<\/p>\n<p>La segunda: el trabajo y la diversi\u00f3n nunca han de mezclarse. No no. \u00a1Ni loca!<\/p>\n<p>Y la tercera, pero no por ello menos importante: siempre con hombres menores de treinta a\u00f1os. \u00bfPor qu\u00e9? Pues porque s\u00e9 que ellos van a lo mismo que voy yo: \u00a1a disfrutar!<\/p>\n<p>Te aseguro que hasta el momento estas normas me han dado muy buenos resultados. Sin embargo, en uno de mis viajes de trabajo he conocido aNa\u00edm Acosta, un hombre de unos cuarenta, seguro de s\u00ed mismo, atractivo, sexy y tremendamente rom\u00e1ntico, que me est\u00e1 volviendo loca.<\/p>\n<p>Es verlo y el coraz\u00f3n se me acelera. Es o\u00edr su voz y toda yo me acaloro. Es pensar en \u00e9l y noto que en mi est\u00f3mago corren elefantes en estampida. S\u00e9 que somos muy diferentes, pero los polos opuestos se atraen, y nosotros no paramos de chocar, y probar y\u2026y\u2026y\u2026<\/p>\n<p>Bueno, mejor me callo, dejo que leas y cuando termines ya me dir\u00e1s si t\u00fa habr\u00edas probado\u2026 \u00bfO no?<\/p>\n<p>La obra \u00bfY si lo probamos\u2026? De Megan Maxwell fue publicada en el 2.020.<\/p>\n<p><a href=\"https:\/\/tavapy.gov.py\/biblioteca\/wp-content\/uploads\/2023\/03\/MaxwellM-\u00bfY-si-lo-probamos....pdf\" target=\"_blank\" rel=\"attachment noopener wp-att-7418\"><img loading=\"lazy\" decoding=\"async\" class=\"size-full wp-image-7418 alignleft\" src=\"https:\/\/tavapy.gov.py\/biblioteca\/wp-content\/uploads\/2023\/03\/icono-PDF-copia-2.png\" alt=\"\" width=\"121\" height=\"140\" \/><\/a><\/p>\n","protected":false},"featured_media":7385,"comment_status":"open","ping_status":"closed","template":"","meta":{"spay_email":""},"product_cat":[896],"product_tag":[],"class_list":{"0":"post-7419","1":"product","2":"type-product","3":"status-publish","4":"has-post-thumbnail","6":"book_author-megan-maxwell","7":"product_cat-novela-romantica-y-erotica","8":"entry"},"_links":{"self":[{"href":"https:\/\/tavapy.gov.py\/biblioteca\/wp-json\/wp\/v2\/product\/7419","targetHints":{"allow":["GET"]}}],"collection":[{"href":"https:\/\/tavapy.gov.py\/biblioteca\/wp-json\/wp\/v2\/product"}],"about":[{"href":"https:\/\/tavapy.gov.py\/biblioteca\/wp-json\/wp\/v2\/types\/product"}],"replies":[{"embeddable":true,"href":"https:\/\/tavapy.gov.py\/biblioteca\/wp-json\/wp\/v2\/comments?post=7419"}],"wp:featuredmedia":[{"embeddable":true,"href":"https:\/\/tavapy.gov.py\/biblioteca\/wp-json\/wp\/v2\/media\/7385"}],"wp:attachment":[{"href":"https:\/\/tavapy.gov.py\/biblioteca\/wp-json\/wp\/v2\/media?parent=7419"}],"wp:term":[{"taxonomy":"product_cat","embeddable":true,"href":"https:\/\/tavapy.gov.py\/biblioteca\/wp-json\/wp\/v2\/product_cat?post=7419"},{"taxonomy":"product_tag","embeddable":true,"href":"https:\/\/tavapy.gov.py\/biblioteca\/wp-json\/wp\/v2\/product_tag?post=7419"}],"curies":[{"name":"wp","href":"https:\/\/api.w.org\/{rel}","templated":true}]}}