{"id":7421,"date":"2023-03-12T20:30:35","date_gmt":"2023-03-12T20:30:35","guid":{"rendered":"https:\/\/tavapy.gov.py\/biblioteca\/?post_type=product&#038;p=7421"},"modified":"2023-03-12T20:38:42","modified_gmt":"2023-03-12T20:38:42","slug":"pideme-lo-que-quieras","status":"publish","type":"product","link":"https:\/\/tavapy.gov.py\/biblioteca\/product\/pideme-lo-que-quieras\/","title":{"rendered":"P\u00cdDEME LO QUE QUIERAS."},"content":{"rendered":"","protected":false},"excerpt":{"rendered":"<p>Er\u00f3tico\u2026 sensual y tremendamente morboso\u2026 Una novela que re\u00fane las fantas\u00edas de MUCHAS mujeres.<\/p>\n<p>Tras la muerte de su padre, el prestigioso empresario alem\u00e1n Eric Zimmerman decide viajar a Espa\u00f1a para supervisar las delegaciones de la empresa M\u00fcller. En la oficina central de Madrid conoce a Judith, una joven ingeniosa y simp\u00e1tica de la que se encapricha de inmediato.<\/p>\n<p>Judith sucumbe a la atracci\u00f3n que el alem\u00e1n ejerce sobre ella y acepta formar parte de sus juegos sexuales, repletos de fantas\u00edas y erotismo. Junto a \u00e9l aprender\u00e1 que todos llevamos dentro un voyeur, y que las personas se dividen en sumisas y dominantes&#8230; Pero el tiempo pasa, la relaci\u00f3n se intensifica y Eric empieza a temer que se descubra su secreto, algo que podr\u00eda marcar el principio o el fin de la relaci\u00f3n.<\/p>\n<p>El libro P\u00eddeme lo que quieras de Megan Maxwell fue publicado en el 2.012.<\/p>\n<p><a href=\"https:\/\/tavapy.gov.py\/biblioteca\/wp-content\/uploads\/2023\/03\/MaxwellM-Pideme-lo-que-quieras.pdf\" target=\"_blank\" rel=\"attachment noopener wp-att-7418\"><img loading=\"lazy\" decoding=\"async\" class=\"alignnone size-full wp-image-7418\" src=\"https:\/\/tavapy.gov.py\/biblioteca\/wp-content\/uploads\/2023\/03\/icono-PDF-copia-2.png\" alt=\"\" width=\"121\" height=\"140\" \/><\/a><\/p>\n","protected":false},"featured_media":7422,"comment_status":"open","ping_status":"closed","template":"","meta":{"spay_email":""},"product_cat":[896],"product_tag":[],"class_list":{"0":"post-7421","1":"product","2":"type-product","3":"status-publish","4":"has-post-thumbnail","6":"book_author-megan-maxwell","7":"product_cat-novela-romantica-y-erotica","8":"entry"},"_links":{"self":[{"href":"https:\/\/tavapy.gov.py\/biblioteca\/wp-json\/wp\/v2\/product\/7421","targetHints":{"allow":["GET"]}}],"collection":[{"href":"https:\/\/tavapy.gov.py\/biblioteca\/wp-json\/wp\/v2\/product"}],"about":[{"href":"https:\/\/tavapy.gov.py\/biblioteca\/wp-json\/wp\/v2\/types\/product"}],"replies":[{"embeddable":true,"href":"https:\/\/tavapy.gov.py\/biblioteca\/wp-json\/wp\/v2\/comments?post=7421"}],"wp:featuredmedia":[{"embeddable":true,"href":"https:\/\/tavapy.gov.py\/biblioteca\/wp-json\/wp\/v2\/media\/7422"}],"wp:attachment":[{"href":"https:\/\/tavapy.gov.py\/biblioteca\/wp-json\/wp\/v2\/media?parent=7421"}],"wp:term":[{"taxonomy":"product_cat","embeddable":true,"href":"https:\/\/tavapy.gov.py\/biblioteca\/wp-json\/wp\/v2\/product_cat?post=7421"},{"taxonomy":"product_tag","embeddable":true,"href":"https:\/\/tavapy.gov.py\/biblioteca\/wp-json\/wp\/v2\/product_tag?post=7421"}],"curies":[{"name":"wp","href":"https:\/\/api.w.org\/{rel}","templated":true}]}}