{"id":7423,"date":"2023-03-12T20:42:37","date_gmt":"2023-03-12T20:42:37","guid":{"rendered":"https:\/\/tavapy.gov.py\/biblioteca\/?post_type=product&#038;p=7423"},"modified":"2023-03-12T20:42:37","modified_gmt":"2023-03-12T20:42:37","slug":"y-ahora-supera-mi-beso","status":"publish","type":"product","link":"https:\/\/tavapy.gov.py\/biblioteca\/product\/y-ahora-supera-mi-beso\/","title":{"rendered":"Y AHORA SUPERA MI BESO."},"content":{"rendered":"","protected":false},"excerpt":{"rendered":"<p>Una novela rom\u00e1ntico-er\u00f3tica que te har\u00e1 entender que no hay que dejar para ma\u00f1ana los besos que puedas dar hoy.<\/p>\n<p>Hola, me llamo Amara y estoy aqu\u00ed no para hablaros de m\u00ed, sino de Liam Acosta, ese guap\u00edsimo empresario que se dedica al negocio del vino en Tenerife y que sigue soltero porque quiere, pues siempre tiene a una legi\u00f3n de mujeres pendientes de \u00e9l.<\/p>\n<p>Por lo que s\u00e9, un d\u00eda recibi\u00f3 una misteriosa llamada telef\u00f3nica en la que le ped\u00edan viajar a Los \u00c1ngeles por un asunto urgente, que result\u00f3 ser, ni m\u00e1s ni menos, que un beb\u00e9. A Liam, al principio, le cost\u00f3 mucho admitir su paternidad, pero cuando vio a la criaturita, el mundo se movi\u00f3 bajo sus pies: al igual que \u00e9l, ten\u00eda el ojo derecho de dos colores.<\/p>\n<p>As\u00ed que, muy agobiado y tremendamente perdido, regres\u00f3 a Canarias con su hijo, pero se dio cuenta de que necesitaba a alguien que le echara una mano y, por recomendaci\u00f3n de mi amiga Ver\u00f3nica, me contrat\u00f3 a m\u00ed.<\/p>\n<p>De pronto, Liam y yo, dos personas independientes y acostumbradas a no tener que dar explicaciones a nadie, hemos tenido que ponernos de acuerdo por el bien del peque\u00f1o. Y eso ha hecho que, sin apenas darnos cuenta, hayamos reconocido el uno en el otro a la persona que nunca hubi\u00e9ramos esperado encontrar.<\/p>\n<p>La obra Y ahora supera mi beso de Megan Maxwell fue publicada en el 2.022.<\/p>\n<p><a href=\"https:\/\/tavapy.gov.py\/biblioteca\/wp-content\/uploads\/2023\/03\/MaxwellM-Y-ahora-supera-mi-beso.pdf\" target=\"_blank\" rel=\"attachment noopener wp-att-7418\"><img loading=\"lazy\" decoding=\"async\" class=\"size-full wp-image-7418 alignleft\" src=\"https:\/\/tavapy.gov.py\/biblioteca\/wp-content\/uploads\/2023\/03\/icono-PDF-copia-2.png\" alt=\"\" width=\"121\" height=\"140\" \/><\/a><\/p>\n","protected":false},"featured_media":7389,"comment_status":"open","ping_status":"closed","template":"","meta":{"spay_email":""},"product_cat":[896],"product_tag":[],"class_list":{"0":"post-7423","1":"product","2":"type-product","3":"status-publish","4":"has-post-thumbnail","6":"book_author-megan-maxwell","7":"product_cat-novela-romantica-y-erotica","8":"entry"},"_links":{"self":[{"href":"https:\/\/tavapy.gov.py\/biblioteca\/wp-json\/wp\/v2\/product\/7423","targetHints":{"allow":["GET"]}}],"collection":[{"href":"https:\/\/tavapy.gov.py\/biblioteca\/wp-json\/wp\/v2\/product"}],"about":[{"href":"https:\/\/tavapy.gov.py\/biblioteca\/wp-json\/wp\/v2\/types\/product"}],"replies":[{"embeddable":true,"href":"https:\/\/tavapy.gov.py\/biblioteca\/wp-json\/wp\/v2\/comments?post=7423"}],"wp:featuredmedia":[{"embeddable":true,"href":"https:\/\/tavapy.gov.py\/biblioteca\/wp-json\/wp\/v2\/media\/7389"}],"wp:attachment":[{"href":"https:\/\/tavapy.gov.py\/biblioteca\/wp-json\/wp\/v2\/media?parent=7423"}],"wp:term":[{"taxonomy":"product_cat","embeddable":true,"href":"https:\/\/tavapy.gov.py\/biblioteca\/wp-json\/wp\/v2\/product_cat?post=7423"},{"taxonomy":"product_tag","embeddable":true,"href":"https:\/\/tavapy.gov.py\/biblioteca\/wp-json\/wp\/v2\/product_tag?post=7423"}],"curies":[{"name":"wp","href":"https:\/\/api.w.org\/{rel}","templated":true}]}}