{"id":7424,"date":"2023-03-12T20:47:32","date_gmt":"2023-03-12T20:47:32","guid":{"rendered":"https:\/\/tavapy.gov.py\/biblioteca\/?post_type=product&#038;p=7424"},"modified":"2023-03-12T20:47:32","modified_gmt":"2023-03-12T20:47:32","slug":"moby-dick","status":"publish","type":"product","link":"https:\/\/tavapy.gov.py\/biblioteca\/product\/moby-dick\/","title":{"rendered":"MOBY-DICK."},"content":{"rendered":"","protected":false},"excerpt":{"rendered":"<p>La irracional obsesi\u00f3n por la venganza de un hombre que quiere acabar con el que \u00e9l considera su enemigo a toda costa.<\/p>\n<p>El capit\u00e1n Ahab, apoyado sobre su pierna fabricada con una mand\u00edbula de cachalote, empuja a su tripulaci\u00f3n del Pequod al desastre en su obsesi\u00f3n por acabar con la ballena blanca, con Moby Dick; esa reencarnaci\u00f3n del mal que mutil\u00f3 su cuerpo y su alma para siempre.<\/p>\n<p>Una novela de aventuras imprescindible, un compendio sobre los balleneros y el mar y un cl\u00e1sico de la literatura universal de todos los tiempos.<\/p>\n<p>La obra Moby-Dick de Herman Melville fue publicada en 1.851.<\/p>\n<p><a href=\"https:\/\/tavapy.gov.py\/biblioteca\/wp-content\/uploads\/2023\/03\/MelvilleH-Moby_Dick.pdf\" target=\"_blank\" rel=\"attachment noopener wp-att-7418\"><img loading=\"lazy\" decoding=\"async\" class=\"size-full wp-image-7418 alignleft\" src=\"https:\/\/tavapy.gov.py\/biblioteca\/wp-content\/uploads\/2023\/03\/icono-PDF-copia-2.png\" alt=\"\" width=\"121\" height=\"140\" \/><\/a><\/p>\n","protected":false},"featured_media":7391,"comment_status":"open","ping_status":"closed","template":"","meta":{"spay_email":""},"product_cat":[1013],"product_tag":[],"class_list":{"0":"post-7424","1":"product","2":"type-product","3":"status-publish","4":"has-post-thumbnail","6":"book_author-herman-melville","7":"product_cat-novela-epica","8":"entry"},"_links":{"self":[{"href":"https:\/\/tavapy.gov.py\/biblioteca\/wp-json\/wp\/v2\/product\/7424","targetHints":{"allow":["GET"]}}],"collection":[{"href":"https:\/\/tavapy.gov.py\/biblioteca\/wp-json\/wp\/v2\/product"}],"about":[{"href":"https:\/\/tavapy.gov.py\/biblioteca\/wp-json\/wp\/v2\/types\/product"}],"replies":[{"embeddable":true,"href":"https:\/\/tavapy.gov.py\/biblioteca\/wp-json\/wp\/v2\/comments?post=7424"}],"wp:featuredmedia":[{"embeddable":true,"href":"https:\/\/tavapy.gov.py\/biblioteca\/wp-json\/wp\/v2\/media\/7391"}],"wp:attachment":[{"href":"https:\/\/tavapy.gov.py\/biblioteca\/wp-json\/wp\/v2\/media?parent=7424"}],"wp:term":[{"taxonomy":"product_cat","embeddable":true,"href":"https:\/\/tavapy.gov.py\/biblioteca\/wp-json\/wp\/v2\/product_cat?post=7424"},{"taxonomy":"product_tag","embeddable":true,"href":"https:\/\/tavapy.gov.py\/biblioteca\/wp-json\/wp\/v2\/product_tag?post=7424"}],"curies":[{"name":"wp","href":"https:\/\/api.w.org\/{rel}","templated":true}]}}