{"id":7429,"date":"2023-03-13T17:08:30","date_gmt":"2023-03-13T17:08:30","guid":{"rendered":"https:\/\/tavapy.gov.py\/biblioteca\/?post_type=product&#038;p=7429"},"modified":"2023-03-13T17:08:31","modified_gmt":"2023-03-13T17:08:31","slug":"cerebro-que-aprende-como-apasionarnos-con-el-conocimiento-para-transformar-nuestra-vida","status":"publish","type":"product","link":"https:\/\/tavapy.gov.py\/biblioteca\/product\/cerebro-que-aprende-como-apasionarnos-con-el-conocimiento-para-transformar-nuestra-vida\/","title":{"rendered":"CEREBRO QUE APRENDE: C\u00d3MO APASIONARNOS CON EL CONOCIMIENTO PARA TRANSFORMAR NUESTRA VIDA."},"content":{"rendered":"","protected":false},"excerpt":{"rendered":"<p>\u00abCerebro que aprende\u00bb obra publicada en el 2.016, nos da pistas para la transformaci\u00f3n de un sistema educativo que excluye, desanima y contin\u00faa caminando en c\u00edrculos sin encontrar respuestas. Ning\u00fan joven merece sufrir el aprendizaje. Por el contrario, debemos encontrar en este, un veh\u00edculo de motivaci\u00f3n y de sentido.<\/p>\n<p>Solo una profunda revoluci\u00f3n educativa producir\u00e1 los cambios que los intentos perif\u00e9ricos no han logrado. Es indispensable respetar los ritmos de aprendizaje individual, construyendo desde cada logro en lugar del des\u00e1nimo de los fracasos.<\/p>\n<p>Entrenar la autonom\u00eda, modificar creencias limitantes, despertar la pasi\u00f3n, disfrutar los trayectos y so\u00f1ar con una vida grande, son posibilidades dormidas que residen en el cerebro. Las neurociencias hacen su aporte y en este libro se presentan de manera ordenada para contribuir con el desarrollo de instituciones especializadas en un aprendizaje compatible con el cerebro.<\/p>\n<p>Un pa\u00eds que quiera crecer debe lograr no solo un desarrollo profundo del conocimiento en sus individuos, sino tambi\u00e9n del m\u00e1s extendido a toda la sociedad, una empresa absolutamente posible si se toman las decisiones adecuadas con el respaldo de la ciencia del cerebro.<\/p>\n<p><a href=\"https:\/\/tavapy.gov.py\/biblioteca\/wp-content\/uploads\/2023\/03\/PerezM-Cerebro-que-aprende.pdf\" target=\"_blank\" rel=\"attachment noopener wp-att-7418\"><img loading=\"lazy\" decoding=\"async\" class=\"size-full wp-image-7418 alignleft\" src=\"https:\/\/tavapy.gov.py\/biblioteca\/wp-content\/uploads\/2023\/03\/icono-PDF-copia-2.png\" alt=\"\" width=\"121\" height=\"140\" \/><\/a><\/p>\n","protected":false},"featured_media":7402,"comment_status":"open","ping_status":"closed","template":"","meta":{"spay_email":""},"product_cat":[373],"product_tag":[],"class_list":{"0":"post-7429","1":"product","2":"type-product","3":"status-publish","4":"has-post-thumbnail","6":"book_author-marcial-enrique-perez","7":"product_cat-neurociencia-educacion","8":"entry"},"_links":{"self":[{"href":"https:\/\/tavapy.gov.py\/biblioteca\/wp-json\/wp\/v2\/product\/7429","targetHints":{"allow":["GET"]}}],"collection":[{"href":"https:\/\/tavapy.gov.py\/biblioteca\/wp-json\/wp\/v2\/product"}],"about":[{"href":"https:\/\/tavapy.gov.py\/biblioteca\/wp-json\/wp\/v2\/types\/product"}],"replies":[{"embeddable":true,"href":"https:\/\/tavapy.gov.py\/biblioteca\/wp-json\/wp\/v2\/comments?post=7429"}],"wp:featuredmedia":[{"embeddable":true,"href":"https:\/\/tavapy.gov.py\/biblioteca\/wp-json\/wp\/v2\/media\/7402"}],"wp:attachment":[{"href":"https:\/\/tavapy.gov.py\/biblioteca\/wp-json\/wp\/v2\/media?parent=7429"}],"wp:term":[{"taxonomy":"product_cat","embeddable":true,"href":"https:\/\/tavapy.gov.py\/biblioteca\/wp-json\/wp\/v2\/product_cat?post=7429"},{"taxonomy":"product_tag","embeddable":true,"href":"https:\/\/tavapy.gov.py\/biblioteca\/wp-json\/wp\/v2\/product_tag?post=7429"}],"curies":[{"name":"wp","href":"https:\/\/api.w.org\/{rel}","templated":true}]}}