{"id":7430,"date":"2023-03-13T17:23:41","date_gmt":"2023-03-13T17:23:41","guid":{"rendered":"https:\/\/tavapy.gov.py\/biblioteca\/?post_type=product&#038;p=7430"},"modified":"2024-09-09T03:16:32","modified_gmt":"2024-09-09T03:16:32","slug":"psicologia-del-aprendizaje-humano-adquisicion-de-conocimiento-y-cambio-personal","status":"publish","type":"product","link":"https:\/\/tavapy.gov.py\/biblioteca\/product\/psicologia-del-aprendizaje-humano-adquisicion-de-conocimiento-y-cambio-personal\/","title":{"rendered":"PSICOLOG\u00cdA DEL APRENDIZAJE HUMANO: ADQUISICI\u00d3N DE CONOCIMIENTO Y CAMBIO PERSONAL."},"content":{"rendered":"","protected":false},"excerpt":{"rendered":"<p>La Psicolog\u00eda del Aprendizaje Humano ha vivido desde sus or\u00edgenes una profunda escisi\u00f3n tanto te\u00f3rica como en sus \u00e1mbitos de intervenci\u00f3n. Por un lado, ha habido una tradici\u00f3n cercana al conductismo que ha entendido el aprendizaje como un proceso de detecci\u00f3n de regularidades en el ambiente por medio de procesos asociativos y que por tanto ha dise\u00f1ado la intervenci\u00f3n psicol\u00f3gica mediante t\u00e9cnicas para modificar los sucesos a los que las personas se enfrentan as\u00ed como las respuestas asociadas a dichos sucesos.<\/p>\n<p>Pero desde otra perspectiva, m\u00e1s cercana al constructivismo, se ha concebido el aprendizaje en t\u00e9rminos de los procesos cognitivos que median en el significado que las personas atribuyen a esos sucesos y a esas conductas, de forma que intervenir es cambiar c\u00f3mo las personas se representan el mundo y su propia identidad en \u00e9l.<\/p>\n<p>Este libro publicado en el 2.014 se propone reconciliar ambas tradiciones en el marco de los recientes desarrollos en psicolog\u00eda cognitiva, que diferencian entre procesos impl\u00edcitos, de car\u00e1cter no consciente y asociativo, y procesos expl\u00edcitos, que implican una construcci\u00f3n consciente de significados y que dar\u00edan cuenta de las formas de aprender m\u00e1s complejas, propias de nuestra especie, las que nos diferencian del resto de los organismos, como la adquisici\u00f3n de conocimiento y el cambio personal.<\/p>\n<p>Para ello se propone la integraci\u00f3n de ambas formas de aprender en un modelo complejo del Aprendizaje Humano que adopta la forma de una jerarqu\u00eda estratificada, de modo que el aprendizaje m\u00e1s primario, de car\u00e1cter impl\u00edcito y asociativo, restringir\u00eda las formas m\u00e1s complejas del aprendizaje expl\u00edcito y constructivo, pero estas a su vez reconstruir\u00edan los resultados del aprendizaje impl\u00edcito.<\/p>\n<p>Tras exponer de modo detallado ambos tipos de aprendizaje y c\u00f3mo dan cuenta del Aprendizaje Humano en diferentes dominios (aprendizaje social, personal, escolar, formaci\u00f3n de expertos, etc.), el libro se ocupa tambi\u00e9n de los modelos y tipos de intervenci\u00f3n psicol\u00f3gica que se derivan de dicho marco te\u00f3rico, adoptando una perspectiva integradora pero no ecl\u00e9ctica para el dise\u00f1o de intervenciones profesionales en \u00e1mbitos educativos, cl\u00ednicos y sociales.<\/p>\n<p>Se trata de un texto \u00fatil para todos aquellos interesados en el Aprendizaje Humano en cualquier contexto, desde profesionales de la psicolog\u00eda en diferentes \u00e1mbitos a todos aquellos que se dedican ayudar a otros aprender, ya sea como profesores, monitores, gestores culturales, formadores, etc.<\/p>\n<p>Si los seres humanos nos diferenciamos como especie cognitiva es, entre otras cosas, por nuestra capacidad de transformarnos a nosotros mismos mediante la adquisici\u00f3n de conocimiento y el cambio personal, una mejor comprensi\u00f3n de los procesos mediante los que aprendemos es esencial para mejorar nuestra eficacia cognitiva ya sea en el trabajo, en la educaci\u00f3n o en la intervenci\u00f3n cl\u00ednica o social.<\/p>\n<p><a href=\"https:\/\/tavapy.gov.py\/biblioteca\/wp-content\/uploads\/2023\/03\/Pozo-MunicioJ-Psicologia-del-aprendizaje-humano.pdf\" target=\"_blank\" rel=\"attachment noopener wp-att-7418\"><img loading=\"lazy\" decoding=\"async\" class=\"size-full wp-image-7418 alignleft\" src=\"https:\/\/tavapy.gov.py\/biblioteca\/wp-content\/uploads\/2023\/03\/icono-PDF-copia-2.png\" alt=\"\" width=\"121\" height=\"140\" \/><\/a><\/p>\n","protected":false},"featured_media":7405,"comment_status":"open","ping_status":"closed","template":"","meta":{"spay_email":""},"product_cat":[491],"product_tag":[],"class_list":{"0":"post-7430","1":"product","2":"type-product","3":"status-publish","4":"has-post-thumbnail","6":"book_author-juan-ignacio-pozo","7":"product_cat-psicologia-pedagogia","8":"entry"},"_links":{"self":[{"href":"https:\/\/tavapy.gov.py\/biblioteca\/wp-json\/wp\/v2\/product\/7430","targetHints":{"allow":["GET"]}}],"collection":[{"href":"https:\/\/tavapy.gov.py\/biblioteca\/wp-json\/wp\/v2\/product"}],"about":[{"href":"https:\/\/tavapy.gov.py\/biblioteca\/wp-json\/wp\/v2\/types\/product"}],"replies":[{"embeddable":true,"href":"https:\/\/tavapy.gov.py\/biblioteca\/wp-json\/wp\/v2\/comments?post=7430"}],"wp:featuredmedia":[{"embeddable":true,"href":"https:\/\/tavapy.gov.py\/biblioteca\/wp-json\/wp\/v2\/media\/7405"}],"wp:attachment":[{"href":"https:\/\/tavapy.gov.py\/biblioteca\/wp-json\/wp\/v2\/media?parent=7430"}],"wp:term":[{"taxonomy":"product_cat","embeddable":true,"href":"https:\/\/tavapy.gov.py\/biblioteca\/wp-json\/wp\/v2\/product_cat?post=7430"},{"taxonomy":"product_tag","embeddable":true,"href":"https:\/\/tavapy.gov.py\/biblioteca\/wp-json\/wp\/v2\/product_tag?post=7430"}],"curies":[{"name":"wp","href":"https:\/\/api.w.org\/{rel}","templated":true}]}}