{"id":7432,"date":"2023-03-27T20:14:56","date_gmt":"2023-03-27T20:14:56","guid":{"rendered":"https:\/\/tavapy.gov.py\/biblioteca\/?post_type=product&#038;p=7432"},"modified":"2023-03-27T20:14:57","modified_gmt":"2023-03-27T20:14:57","slug":"madera-de-lider-claves-para-el-desarrollo-de-las-capacidades-de-liderazgo-en-la-empresa-y-en-la-vida","status":"publish","type":"product","link":"https:\/\/tavapy.gov.py\/biblioteca\/product\/madera-de-lider-claves-para-el-desarrollo-de-las-capacidades-de-liderazgo-en-la-empresa-y-en-la-vida\/","title":{"rendered":"MADERA DE L\u00cdDER: CLAVES PARA EL DESARROLLO DE LAS CAPACIDADES DE LIDERAZGO EN LA EMPRESA Y EN LA VIDA."},"content":{"rendered":"","protected":false},"excerpt":{"rendered":"<p>\u00bfEs realmente el liderazgo un don natural, una caracter\u00edstica del temperamento, un rasgo de la personalidad? \u00bfEs algo innato, que se posee o no se posee, como los ojos azules o las piernas largas? Mario Alonso Puig defiende que no, que todos tenemos recursos interiores ilimitados para convertirnos en impulsores del cambio y ayudar a los dem\u00e1s a alcanzar metas m\u00e1s altas.<\/p>\n<p>El autor desmenuza la relaci\u00f3n que tenemos con las cosas que nos rodean, con el mundo, con la realidad, y nos ayuda a desentra\u00f1ar la compleja mara\u00f1a de asociaciones que de forma inconsciente se teje entre nuestra manera de pensar, nuestros sentimientos y nuestro modo de \u00abestar\u00bb en el mundo. Si los valores, los principios, los deseos condicionan nuestras vidas, \u00bfno ser\u00e1 mejor que seamos conscientes de qu\u00e9 papel juega cada uno de ellos en la escala de nuestra felicidad?<\/p>\n<p>En Madera de l\u00edder, obra publicada en el 2.004, Mario Alonso Puig aborda los conceptos clave del liderazgo y describe con detalle los rasgos del car\u00e1cter que todo l\u00edder debe entrenar para ganar eficacia. Para ayudarnos en esa tarea, el autor complementa su explicaci\u00f3n con una serie de ejemplos reales, cuestionarios y ejercicios que nos invitan a \u00abtensar los m\u00fasculos\u00bb y avanzar con confianza por el siempre arduo camino de la mejora.<\/p>\n<p>Este libro arroja nueva luz sobre conceptos tan ineludibles en el coaching como motivaci\u00f3n, compromiso, riesgo, imaginaci\u00f3n o autoridad y ofrece un aut\u00e9ntico programa de mantenimiento pensado para ayudar al l\u00edder a revisar cotidianamente su esfuerzo y su trabajo, y a tomar conciencia de los puntos que debe mejorar y reforzar.<\/p>\n<p><a href=\"https:\/\/tavapy.gov.py\/biblioteca\/wp-content\/uploads\/2023\/03\/PuigM-Madera-de-lider.pdf\" target=\"_blank\" rel=\"attachment noopener wp-att-7418\"><img loading=\"lazy\" decoding=\"async\" class=\"size-full wp-image-7418 alignleft\" src=\"https:\/\/tavapy.gov.py\/biblioteca\/wp-content\/uploads\/2023\/03\/icono-PDF-copia-2.png\" alt=\"\" width=\"121\" height=\"140\" \/><\/a><\/p>\n","protected":false},"featured_media":7408,"comment_status":"open","ping_status":"closed","template":"","meta":{"spay_email":""},"product_cat":[505],"product_tag":[],"class_list":{"0":"post-7432","1":"product","2":"type-product","3":"status-publish","4":"has-post-thumbnail","6":"book_author-mario-alonso-puig","7":"product_cat-liderazgo-gestion-empresarial","8":"entry"},"_links":{"self":[{"href":"https:\/\/tavapy.gov.py\/biblioteca\/wp-json\/wp\/v2\/product\/7432","targetHints":{"allow":["GET"]}}],"collection":[{"href":"https:\/\/tavapy.gov.py\/biblioteca\/wp-json\/wp\/v2\/product"}],"about":[{"href":"https:\/\/tavapy.gov.py\/biblioteca\/wp-json\/wp\/v2\/types\/product"}],"replies":[{"embeddable":true,"href":"https:\/\/tavapy.gov.py\/biblioteca\/wp-json\/wp\/v2\/comments?post=7432"}],"wp:featuredmedia":[{"embeddable":true,"href":"https:\/\/tavapy.gov.py\/biblioteca\/wp-json\/wp\/v2\/media\/7408"}],"wp:attachment":[{"href":"https:\/\/tavapy.gov.py\/biblioteca\/wp-json\/wp\/v2\/media?parent=7432"}],"wp:term":[{"taxonomy":"product_cat","embeddable":true,"href":"https:\/\/tavapy.gov.py\/biblioteca\/wp-json\/wp\/v2\/product_cat?post=7432"},{"taxonomy":"product_tag","embeddable":true,"href":"https:\/\/tavapy.gov.py\/biblioteca\/wp-json\/wp\/v2\/product_tag?post=7432"}],"curies":[{"name":"wp","href":"https:\/\/api.w.org\/{rel}","templated":true}]}}