{"id":7433,"date":"2023-03-27T20:35:58","date_gmt":"2023-03-27T20:35:58","guid":{"rendered":"https:\/\/tavapy.gov.py\/biblioteca\/?post_type=product&#038;p=7433"},"modified":"2023-10-27T03:45:42","modified_gmt":"2023-10-27T03:45:42","slug":"como-monetizar-las-redes-sociales","status":"publish","type":"product","link":"https:\/\/tavapy.gov.py\/biblioteca\/product\/como-monetizar-las-redes-sociales\/","title":{"rendered":"C\u00d3MO MONETIZAR LAS REDES SOCIALES."},"content":{"rendered":"","protected":false},"excerpt":{"rendered":"<p>Abrir las puertas a estrategias que no se conocen y con las que lograr El Dorado que ans\u00eda cualquier empresa: la monetizaci\u00f3n de sus redes sociales. Descubrir sus entresijos y las metodolog\u00edas que hasta ahora estaban en manos de pocas personas.<\/p>\n<p>Esta es la misi\u00f3n de este libro publicado en el 2.021. En sus p\u00e1ginas encontrar\u00e1s abundante informaci\u00f3n sobre herramientas, procesos y trucos imprescindibles con los que generar la monetizaci\u00f3n que buscas para tu negocio o empresa. Asimismo, aprender\u00e1s c\u00f3mo desarrollar tu propia estrategia de gesti\u00f3n sin cometer los t\u00edpicos errores de los principiantes.<\/p>\n<p>En definitiva, un libro imprescindible y \u00fanico del que a partir de ahora todo el mundo hablar\u00e1. \u00abSaber de redes sociales seguro ayuda a cualquier empresa, pero para poder monetizar su uso hace falta mucho m\u00e1s. No te garantizamos que con este libro vayas a convertirte en un genio de la gesti\u00f3n estrat\u00e9gica de las redes sociales, pero s\u00ed podemos asegurarte que si consigues integrar y aplicar todos los conocimientos que aqu\u00ed te transmitimos.<\/p>\n<p>No cometer\u00e1s ninguno de los errores propios de los aficionados y te habr\u00e1s empapado a la perfecci\u00f3n de todo lo que necesitas saber para poder utilizar las redes sociales como canales generadores de crecimiento y beneficios para tu empresa\u00bb, dicen Pedro Rojas y Mar\u00eda Redondo.<\/p>\n<p><a href=\"https:\/\/tavapy.gov.py\/biblioteca\/wp-content\/uploads\/2023\/03\/RedondoM-Como-monetizar-las-redes-sociales.pdf\" target=\"_blank\" rel=\"attachment noopener wp-att-7418\"><img loading=\"lazy\" decoding=\"async\" class=\"size-full wp-image-7418 alignleft\" src=\"https:\/\/tavapy.gov.py\/biblioteca\/wp-content\/uploads\/2023\/03\/icono-PDF-copia-2.png\" alt=\"\" width=\"121\" height=\"140\" \/><\/a><\/p>\n","protected":false},"featured_media":7410,"comment_status":"open","ping_status":"closed","template":"","meta":{"spay_email":""},"product_cat":[648],"product_tag":[],"class_list":{"0":"post-7433","1":"product","2":"type-product","3":"status-publish","4":"has-post-thumbnail","6":"book_author-maria-redondo","7":"product_cat-marketing-publicidad","8":"entry"},"_links":{"self":[{"href":"https:\/\/tavapy.gov.py\/biblioteca\/wp-json\/wp\/v2\/product\/7433","targetHints":{"allow":["GET"]}}],"collection":[{"href":"https:\/\/tavapy.gov.py\/biblioteca\/wp-json\/wp\/v2\/product"}],"about":[{"href":"https:\/\/tavapy.gov.py\/biblioteca\/wp-json\/wp\/v2\/types\/product"}],"replies":[{"embeddable":true,"href":"https:\/\/tavapy.gov.py\/biblioteca\/wp-json\/wp\/v2\/comments?post=7433"}],"wp:featuredmedia":[{"embeddable":true,"href":"https:\/\/tavapy.gov.py\/biblioteca\/wp-json\/wp\/v2\/media\/7410"}],"wp:attachment":[{"href":"https:\/\/tavapy.gov.py\/biblioteca\/wp-json\/wp\/v2\/media?parent=7433"}],"wp:term":[{"taxonomy":"product_cat","embeddable":true,"href":"https:\/\/tavapy.gov.py\/biblioteca\/wp-json\/wp\/v2\/product_cat?post=7433"},{"taxonomy":"product_tag","embeddable":true,"href":"https:\/\/tavapy.gov.py\/biblioteca\/wp-json\/wp\/v2\/product_tag?post=7433"}],"curies":[{"name":"wp","href":"https:\/\/api.w.org\/{rel}","templated":true}]}}