{"id":7434,"date":"2023-04-19T07:21:55","date_gmt":"2023-04-19T07:21:55","guid":{"rendered":"https:\/\/tavapy.gov.py\/biblioteca\/?post_type=product&#038;p=7434"},"modified":"2023-04-19T07:21:55","modified_gmt":"2023-04-19T07:21:55","slug":"lo-que-nos-hace-pensar-la-naturaleza-y-la-regla","status":"publish","type":"product","link":"https:\/\/tavapy.gov.py\/biblioteca\/product\/lo-que-nos-hace-pensar-la-naturaleza-y-la-regla\/","title":{"rendered":"LO QUE NOS HACE PENSAR: LA NATURALEZA Y LA REGLA."},"content":{"rendered":"","protected":false},"excerpt":{"rendered":"<p>\u00bfD\u00f3nde debemos buscar las fuentes \u00faltimas de los valores humanos? \u00bfEn el mundo de las ideas, en los principios abstractos de la religi\u00f3n o la filosof\u00eda? \u00bfO, por el contrario, en la infraestructura material, neuronal, que la biolog\u00eda contempor\u00e1nez empieza a desenmascarar?<\/p>\n<p>Dos eminentes intelectuales, el fil\u00f3sofo Paul Ricoeur y el neurobi\u00f3logo Jean-Pierre Changeaux, discuten en este espl\u00e9ndido libro sobre las neurociencias, sus resultados, sus proyectos y su capacidad para sostener un debate sobre la moral, las normas o la paz.<\/p>\n<p>En la actualidad, cuando la ciencia esta sometida a los prejuicios de la opini\u00f3n p\u00fablica (tan dispuesta a entusiasmarse por sus constantes descubrimientos como a alarmarse por sus presuntas amenazas para la supervivencia del hombre y del planeta) y cuando la filosof\u00eda se ha convertido en una disciplina en buena medida narcisista (preocupada s\u00f3lo por su supervivencia y desde\u00f1osa hacia todo lo que no forme parte de su inmenso legado secular), este debate ideol\u00f3gico es, quiz\u00e1, m\u00e1s necesario que nunca.<\/p>\n<p>Changeux y Ricoeur invitan al lector a participar en \u00e9l y a convertir sus indagaciones sobre lo que nos hace pensar en una experiencia enriquecedora para todos.<\/p>\n<p><a href=\"https:\/\/tavapy.gov.py\/biblioteca\/wp-content\/uploads\/2023\/03\/RicoeurP-y-ChangeuxJP-Lo-que-nos-hace-pensar.pdf\" target=\"_blank\" rel=\"attachment noopener wp-att-7418\"><img loading=\"lazy\" decoding=\"async\" class=\"size-full wp-image-7418 alignleft\" src=\"https:\/\/tavapy.gov.py\/biblioteca\/wp-content\/uploads\/2023\/03\/icono-PDF-copia-2.png\" alt=\"\" width=\"121\" height=\"140\" \/><\/a><\/p>\n","protected":false},"featured_media":7413,"comment_status":"open","ping_status":"closed","template":"","meta":{"spay_email":""},"product_cat":[1023],"product_tag":[],"class_list":{"0":"post-7434","1":"product","2":"type-product","3":"status-publish","4":"has-post-thumbnail","6":"book_author-jean-pierre-changeux","7":"product_cat-filosofia-neurobiologia","8":"entry"},"_links":{"self":[{"href":"https:\/\/tavapy.gov.py\/biblioteca\/wp-json\/wp\/v2\/product\/7434","targetHints":{"allow":["GET"]}}],"collection":[{"href":"https:\/\/tavapy.gov.py\/biblioteca\/wp-json\/wp\/v2\/product"}],"about":[{"href":"https:\/\/tavapy.gov.py\/biblioteca\/wp-json\/wp\/v2\/types\/product"}],"replies":[{"embeddable":true,"href":"https:\/\/tavapy.gov.py\/biblioteca\/wp-json\/wp\/v2\/comments?post=7434"}],"wp:featuredmedia":[{"embeddable":true,"href":"https:\/\/tavapy.gov.py\/biblioteca\/wp-json\/wp\/v2\/media\/7413"}],"wp:attachment":[{"href":"https:\/\/tavapy.gov.py\/biblioteca\/wp-json\/wp\/v2\/media?parent=7434"}],"wp:term":[{"taxonomy":"product_cat","embeddable":true,"href":"https:\/\/tavapy.gov.py\/biblioteca\/wp-json\/wp\/v2\/product_cat?post=7434"},{"taxonomy":"product_tag","embeddable":true,"href":"https:\/\/tavapy.gov.py\/biblioteca\/wp-json\/wp\/v2\/product_tag?post=7434"}],"curies":[{"name":"wp","href":"https:\/\/api.w.org\/{rel}","templated":true}]}}