{"id":7436,"date":"2023-04-19T07:33:18","date_gmt":"2023-04-19T07:33:18","guid":{"rendered":"https:\/\/tavapy.gov.py\/biblioteca\/?post_type=product&#038;p=7436"},"modified":"2024-05-13T19:08:32","modified_gmt":"2024-05-13T19:08:32","slug":"dificultades-en-el-aprendizaje-unificacion-de-criterios-diagnosticos-definicion-caracteristicas-y-tipos-volumen-1","status":"publish","type":"product","link":"https:\/\/tavapy.gov.py\/biblioteca\/product\/dificultades-en-el-aprendizaje-unificacion-de-criterios-diagnosticos-definicion-caracteristicas-y-tipos-volumen-1\/","title":{"rendered":"DIFICULTADES EN EL APRENDIZAJE: UNIFICACI\u00d3N DE CRITERIOS, DIAGN\u00d3STICOS. DEFINICI\u00d3N, CARACTER\u00cdSTICAS Y TIPOS \u2013 VOLUMEN 1."},"content":{"rendered":"","protected":false},"excerpt":{"rendered":"<p>Colecci\u00f3n de libros que bajo el t\u00edtulo \u00abDificultades en el Aprendizaje: Unificaci\u00f3n de Criterios. Diagn\u00f3sticos\u00bb constituye una serie de materiales para la pr\u00e1ctica orientadora dirigidos al profesorado y a los orientadores y orientadoras que intervienen con el alumnado con necesidad espec\u00edfica de apoyo educativo.<\/p>\n<p>La colecci\u00f3n trata diferentes aspectos relacionados con la atenci\u00f3n educativa del alumnado que presenta problemas escolares, bajo rendimiento, dificultades espec\u00edficas de aprendizaje, trastornos por d\u00e9ficit de atenci\u00f3n con hiperactividad o discapacidad intelectual l\u00edmite.<\/p>\n<p>Consta de tres vol\u00famenes y en este volumen I se trata \u00abDefinici\u00f3n, caracter\u00edsticas y tipos\u00bb. En este libro se describen las diferentes problem\u00e1ticas enmarcadas bajo la definici\u00f3n de dificultades en el aprendizaje, se diferencian de otros trastornos y problemas, se se\u00f1alan los factores de riesgo de cada una de ellas, as\u00ed como sus caracter\u00edsticas, y se presentan casos concretos que ejemplifican lo descrito.<\/p>\n<p><a href=\"https:\/\/tavapy.gov.py\/biblioteca\/wp-content\/uploads\/2023\/03\/Romero-PerezJ-Dificultades-de-aprendizaje-Vol-1.pdf\" target=\"_blank\" rel=\"attachment noopener wp-att-7418\"><img loading=\"lazy\" decoding=\"async\" class=\"size-full wp-image-7418 alignleft\" src=\"https:\/\/tavapy.gov.py\/biblioteca\/wp-content\/uploads\/2023\/03\/icono-PDF-copia-2.png\" alt=\"\" width=\"121\" height=\"140\" \/><\/a><\/p>\n","protected":false},"featured_media":7416,"comment_status":"open","ping_status":"closed","template":"","meta":{"spay_email":""},"product_cat":[491],"product_tag":[],"class_list":{"0":"post-7436","1":"product","2":"type-product","3":"status-publish","4":"has-post-thumbnail","6":"book_author-juan-francisco-romero-perez","7":"product_cat-psicologia-pedagogia","8":"entry"},"_links":{"self":[{"href":"https:\/\/tavapy.gov.py\/biblioteca\/wp-json\/wp\/v2\/product\/7436","targetHints":{"allow":["GET"]}}],"collection":[{"href":"https:\/\/tavapy.gov.py\/biblioteca\/wp-json\/wp\/v2\/product"}],"about":[{"href":"https:\/\/tavapy.gov.py\/biblioteca\/wp-json\/wp\/v2\/types\/product"}],"replies":[{"embeddable":true,"href":"https:\/\/tavapy.gov.py\/biblioteca\/wp-json\/wp\/v2\/comments?post=7436"}],"wp:featuredmedia":[{"embeddable":true,"href":"https:\/\/tavapy.gov.py\/biblioteca\/wp-json\/wp\/v2\/media\/7416"}],"wp:attachment":[{"href":"https:\/\/tavapy.gov.py\/biblioteca\/wp-json\/wp\/v2\/media?parent=7436"}],"wp:term":[{"taxonomy":"product_cat","embeddable":true,"href":"https:\/\/tavapy.gov.py\/biblioteca\/wp-json\/wp\/v2\/product_cat?post=7436"},{"taxonomy":"product_tag","embeddable":true,"href":"https:\/\/tavapy.gov.py\/biblioteca\/wp-json\/wp\/v2\/product_tag?post=7436"}],"curies":[{"name":"wp","href":"https:\/\/api.w.org\/{rel}","templated":true}]}}