{"id":7498,"date":"2024-10-14T16:03:48","date_gmt":"2024-10-14T16:03:48","guid":{"rendered":"https:\/\/tavapy.gov.py\/biblioteca\/?post_type=product&#038;p=7498"},"modified":"2024-10-14T16:03:49","modified_gmt":"2024-10-14T16:03:49","slug":"el-nino-con-el-pijama-de-rayas","status":"publish","type":"product","link":"https:\/\/tavapy.gov.py\/biblioteca\/product\/el-nino-con-el-pijama-de-rayas\/","title":{"rendered":"EL NI\u00d1O CON EL PIJAMA DE RAYAS."},"content":{"rendered":"","protected":false},"excerpt":{"rendered":"<p>El libro que conmovi\u00f3 a millones de lectores y que fue publicado en el a\u00f1o 2.006.<\/p>\n<p>Estimado lector, estimada lectora:<\/p>\n<p>Aunque el uso habitual de un texto como este es describir las caracter\u00edsticas de la obra, por una vez nos tomaremos la libertad de hacer una excepci\u00f3n a la norma establecida.<\/p>\n<p>No s\u00f3lo porque el libro que tienes en tus manos es muy dif\u00edcil de definir, sino porque estamos convencidos de que explicar su contenido estropear\u00eda la experiencia de la lectura. Creemos que es importante empezar esta novela sin saber de que trata.<\/p>\n<p>No obstante, si decides embarcarte en la aventura, debes saber que acompa\u00f1ar\u00e1s a Bruno, un ni\u00f1o de nueve a\u00f1os, cuando se muda con su familia a una casa junto a una cerca. Cercas como esa existen en muchos sitios del mundo, s\u00f3lo deseamos que no te encuentres nunca con una.<\/p>\n<p>Por \u00faltimo, cabe aclarar que este libro no es s\u00f3lo para adultos; tambi\u00e9n lo pueden leer, y ser\u00eda recomendable que lo hicieran, ni\u00f1os a partir de los trece a\u00f1os de edad.<\/p>\n<p><a href=\"https:\/\/tavapy.gov.py\/biblioteca\/wp-content\/uploads\/2024\/10\/BoyneJ-El-Nino-Con-El-Pijama-De-Rayas.pdf\" rel=\"attachment wp-att-7418\"><img loading=\"lazy\" decoding=\"async\" class=\"alignnone wp-image-7418 size-full\" src=\"https:\/\/tavapy.gov.py\/biblioteca\/wp-content\/uploads\/2023\/03\/icono-PDF-copia-2.png\" alt=\"\" width=\"121\" height=\"140\" \/><\/a><\/p>\n","protected":false},"featured_media":7472,"comment_status":"open","ping_status":"closed","template":"","meta":{"spay_email":""},"product_cat":[1027],"product_tag":[],"class_list":{"0":"post-7498","1":"product","2":"type-product","3":"status-publish","4":"has-post-thumbnail","6":"book_author-john-boyne","7":"product_cat-novela-ficcion-dramatica","8":"entry"},"_links":{"self":[{"href":"https:\/\/tavapy.gov.py\/biblioteca\/wp-json\/wp\/v2\/product\/7498","targetHints":{"allow":["GET"]}}],"collection":[{"href":"https:\/\/tavapy.gov.py\/biblioteca\/wp-json\/wp\/v2\/product"}],"about":[{"href":"https:\/\/tavapy.gov.py\/biblioteca\/wp-json\/wp\/v2\/types\/product"}],"replies":[{"embeddable":true,"href":"https:\/\/tavapy.gov.py\/biblioteca\/wp-json\/wp\/v2\/comments?post=7498"}],"wp:featuredmedia":[{"embeddable":true,"href":"https:\/\/tavapy.gov.py\/biblioteca\/wp-json\/wp\/v2\/media\/7472"}],"wp:attachment":[{"href":"https:\/\/tavapy.gov.py\/biblioteca\/wp-json\/wp\/v2\/media?parent=7498"}],"wp:term":[{"taxonomy":"product_cat","embeddable":true,"href":"https:\/\/tavapy.gov.py\/biblioteca\/wp-json\/wp\/v2\/product_cat?post=7498"},{"taxonomy":"product_tag","embeddable":true,"href":"https:\/\/tavapy.gov.py\/biblioteca\/wp-json\/wp\/v2\/product_tag?post=7498"}],"curies":[{"name":"wp","href":"https:\/\/api.w.org\/{rel}","templated":true}]}}