{"id":7502,"date":"2024-10-14T21:54:59","date_gmt":"2024-10-14T21:54:59","guid":{"rendered":"https:\/\/tavapy.gov.py\/biblioteca\/?post_type=product&#038;p=7502"},"modified":"2024-10-14T21:54:59","modified_gmt":"2024-10-14T21:54:59","slug":"las-consolaciones-de-la-filosofia-para-tomarse-la-vida-con-filosofia","status":"publish","type":"product","link":"https:\/\/tavapy.gov.py\/biblioteca\/product\/las-consolaciones-de-la-filosofia-para-tomarse-la-vida-con-filosofia\/","title":{"rendered":"LAS CONSOLACIONES DE LA FILOSOF\u00cdA. PARA TOMARSE LA VIDA CON FILOSOF\u00cdA."},"content":{"rendered":"","protected":false},"excerpt":{"rendered":"<p>\u00bfC\u00f3mo podemos conseguir que la filosof\u00eda forme parte de nuestra vida cotidiana? Alain de Botton demuestra en esta obra que es una inagotable fuente de consuelo, capaz de inspirarnos y motivarnos a diario.<\/p>\n<p>A partir de la vida y la obra de seis fil\u00f3sofos fundamentales, el autor analiza con gran ingenio otros tantos problemas comunes. S\u00f3crates ilustra la impopularidad y Epicuro la falta de dinero.<\/p>\n<p>La trayectoria de S\u00e9neca es un ejemplo ante la frustraci\u00f3n. Montaigne se enfrenta a la ineptitud y Schopenhauer al coraz\u00f3n partido. Por \u00faltimo, Nietzsche nos ense\u00f1a qu\u00e9 hacer ante las dificultades.<\/p>\n<p>La obra \u00abLas consolaciones de la filosof\u00eda\u00bb fue publicada en el a\u00f1o 2.000.<\/p>\n<p><a href=\"https:\/\/tavapy.gov.py\/biblioteca\/wp-content\/uploads\/2024\/10\/DE-BOTON-A.-Las-consolaciones-de-la-filosofia.pdf\" rel=\"attachment wp-att-7418\"><img loading=\"lazy\" decoding=\"async\" class=\"alignnone wp-image-7418 size-full\" src=\"https:\/\/tavapy.gov.py\/biblioteca\/wp-content\/uploads\/2023\/03\/icono-PDF-copia-2.png\" alt=\"\" width=\"121\" height=\"140\" \/><\/a><\/p>\n","protected":false},"featured_media":7490,"comment_status":"open","ping_status":"closed","template":"","meta":{"spay_email":""},"product_cat":[928],"product_tag":[],"class_list":{"0":"post-7502","1":"product","2":"type-product","3":"status-publish","4":"has-post-thumbnail","6":"book_author-alain-de-botton","7":"product_cat-autoayuda-crecimiento-personal-filosofia","8":"entry"},"_links":{"self":[{"href":"https:\/\/tavapy.gov.py\/biblioteca\/wp-json\/wp\/v2\/product\/7502","targetHints":{"allow":["GET"]}}],"collection":[{"href":"https:\/\/tavapy.gov.py\/biblioteca\/wp-json\/wp\/v2\/product"}],"about":[{"href":"https:\/\/tavapy.gov.py\/biblioteca\/wp-json\/wp\/v2\/types\/product"}],"replies":[{"embeddable":true,"href":"https:\/\/tavapy.gov.py\/biblioteca\/wp-json\/wp\/v2\/comments?post=7502"}],"wp:featuredmedia":[{"embeddable":true,"href":"https:\/\/tavapy.gov.py\/biblioteca\/wp-json\/wp\/v2\/media\/7490"}],"wp:attachment":[{"href":"https:\/\/tavapy.gov.py\/biblioteca\/wp-json\/wp\/v2\/media?parent=7502"}],"wp:term":[{"taxonomy":"product_cat","embeddable":true,"href":"https:\/\/tavapy.gov.py\/biblioteca\/wp-json\/wp\/v2\/product_cat?post=7502"},{"taxonomy":"product_tag","embeddable":true,"href":"https:\/\/tavapy.gov.py\/biblioteca\/wp-json\/wp\/v2\/product_tag?post=7502"}],"curies":[{"name":"wp","href":"https:\/\/api.w.org\/{rel}","templated":true}]}}