{"id":7503,"date":"2024-10-14T22:15:33","date_gmt":"2024-10-14T22:15:33","guid":{"rendered":"https:\/\/tavapy.gov.py\/biblioteca\/?post_type=product&#038;p=7503"},"modified":"2024-10-14T22:15:34","modified_gmt":"2024-10-14T22:15:34","slug":"empieza-con-el-porque-como-los-grandes-lideres-motivan-a-actuar","status":"publish","type":"product","link":"https:\/\/tavapy.gov.py\/biblioteca\/product\/empieza-con-el-porque-como-los-grandes-lideres-motivan-a-actuar\/","title":{"rendered":"EMPIEZA CON EL PORQU\u00c9. C\u00d3MO LOS GRANDES L\u00cdDERES MOTIVAN A ACTUAR."},"content":{"rendered":"","protected":false},"excerpt":{"rendered":"<p>En este libro Simon Sinek ofrece un perspicaz an\u00e1lisis del arte del liderazgo junto con los elementos de una organizaci\u00f3n de \u00e9xito. Se centra en el proceso de se\u00f1alar la esencia del POR QU\u00c9, es decir, la fuerza motriz que hay detr\u00e1s de un determinado prop\u00f3sito, la pregunta que uno se hace o la causa por la que uno aboga.<\/p>\n<p>Sinek deja claro que la fuente de la gran inspiraci\u00f3n y de los logros sobresalientes deriva de tener un sentido de la direcci\u00f3n. Hoy en d\u00eda, muchas empresas se centran \u00fanicamente en lo que hacen, mientras que otras intentan responder a la pregunta: \u00bfpor qu\u00e9?<\/p>\n<p>No son muchas las empresas que tratan de responder a la pregunta de qu\u00e9 hago diferente de los dem\u00e1s. Sinek destaca por este argumento, ya que lo demuestra mediante ejemplos cautivadores y an\u00e1lisis penetrantes, por lo que podemos afirmar que los l\u00edderes que empiezan por el POR QU\u00c9 no s\u00f3lo son carism\u00e1ticos, sino que tambi\u00e9n crean afiliaci\u00f3n moral y \u00e9xito a largo plazo.<\/p>\n<p>El libro\u00bbEmpieza con el porqu\u00e9\u00bb fue publicado en el 2.018<\/p>\n<p><a href=\"https:\/\/tavapy.gov.py\/biblioteca\/wp-content\/uploads\/2024\/10\/Empieza-Con-El-Porque-Sinek-Simon.pdf\" rel=\"attachment wp-att-7418\"><img loading=\"lazy\" decoding=\"async\" class=\"alignnone wp-image-7418 size-full\" src=\"https:\/\/tavapy.gov.py\/biblioteca\/wp-content\/uploads\/2023\/03\/icono-PDF-copia-2.png\" alt=\"\" width=\"121\" height=\"140\" \/><\/a><\/p>\n","protected":false},"featured_media":7494,"comment_status":"open","ping_status":"closed","template":"","meta":{"spay_email":""},"product_cat":[1031],"product_tag":[],"class_list":{"0":"post-7503","1":"product","2":"type-product","3":"status-publish","4":"has-post-thumbnail","6":"book_author-simon-sinek","7":"product_cat-autoayuda-liderazgo","8":"entry"},"_links":{"self":[{"href":"https:\/\/tavapy.gov.py\/biblioteca\/wp-json\/wp\/v2\/product\/7503","targetHints":{"allow":["GET"]}}],"collection":[{"href":"https:\/\/tavapy.gov.py\/biblioteca\/wp-json\/wp\/v2\/product"}],"about":[{"href":"https:\/\/tavapy.gov.py\/biblioteca\/wp-json\/wp\/v2\/types\/product"}],"replies":[{"embeddable":true,"href":"https:\/\/tavapy.gov.py\/biblioteca\/wp-json\/wp\/v2\/comments?post=7503"}],"wp:featuredmedia":[{"embeddable":true,"href":"https:\/\/tavapy.gov.py\/biblioteca\/wp-json\/wp\/v2\/media\/7494"}],"wp:attachment":[{"href":"https:\/\/tavapy.gov.py\/biblioteca\/wp-json\/wp\/v2\/media?parent=7503"}],"wp:term":[{"taxonomy":"product_cat","embeddable":true,"href":"https:\/\/tavapy.gov.py\/biblioteca\/wp-json\/wp\/v2\/product_cat?post=7503"},{"taxonomy":"product_tag","embeddable":true,"href":"https:\/\/tavapy.gov.py\/biblioteca\/wp-json\/wp\/v2\/product_tag?post=7503"}],"curies":[{"name":"wp","href":"https:\/\/api.w.org\/{rel}","templated":true}]}}