{"id":7504,"date":"2024-10-15T01:14:34","date_gmt":"2024-10-15T01:14:34","guid":{"rendered":"https:\/\/tavapy.gov.py\/biblioteca\/?post_type=product&#038;p=7504"},"modified":"2024-10-15T01:14:34","modified_gmt":"2024-10-15T01:14:34","slug":"inteligencia-intuitiva-por-que-sabemos-la-verdad-en-dos-segundos","status":"publish","type":"product","link":"https:\/\/tavapy.gov.py\/biblioteca\/product\/inteligencia-intuitiva-por-que-sabemos-la-verdad-en-dos-segundos\/","title":{"rendered":"INTELIGENCIA INTUITIVA. \u00bfPOR QU\u00c9 SABEMOS LA VERDAD EN DOS SEGUNDOS?"},"content":{"rendered":"","protected":false},"excerpt":{"rendered":"<p>En este libro revolucionario, escrito en el a\u00f1o 2005, el periodista canadiense Malcolm Gladwell nos explica c\u00f3mo pensamos sin pensar, de d\u00f3nde proceden las decisiones que parece que tomamos en dos segundos, pero que no son tan simples como aparentan.<\/p>\n<p>\u00bfPor qu\u00e9 algunas personas son brillantes tomando decisiones y otras son torpes una y otra vez? \u00bfPor qu\u00e9 algunos siguen su instinto y triunfan, mientras que otros acaban siempre dando un paso en falso? \u00bfCu\u00e1l es el funcionamiento real del cerebro en el trabajo, en clase, en la cocina o en la cama? \u00bfY por qu\u00e9 las mejores decisiones suelen ser las m\u00e1s dif\u00edciles de explicar?<\/p>\n<p>Gladwell nos presenta a un psic\u00f3logo que ha aprendido a predecir si un matrimonio puede durar con s\u00f3lo observarles unos minutos; a un entrenador de tenis que sabe cu\u00e1ndo un jugador har\u00e1 doble falta antes incluso de que la raqueta toque la bola; a un experto en antig\u00fcedades que reconoce una falsificaci\u00f3n de un solo vistazo.<\/p>\n<p><a href=\"https:\/\/tavapy.gov.py\/biblioteca\/wp-content\/uploads\/2024\/10\/GladwellM-Inteligencia-intuitiva.pdf\" rel=\"attachment wp-att-7418\"><img loading=\"lazy\" decoding=\"async\" class=\"alignnone wp-image-7418 size-full\" src=\"https:\/\/tavapy.gov.py\/biblioteca\/wp-content\/uploads\/2023\/03\/icono-PDF-copia-2.png\" alt=\"\" width=\"121\" height=\"140\" \/><\/a><\/p>\n","protected":false},"featured_media":7466,"comment_status":"open","ping_status":"closed","template":"","meta":{"spay_email":""},"product_cat":[922],"product_tag":[],"class_list":{"0":"post-7504","1":"product","2":"type-product","3":"status-publish","4":"has-post-thumbnail","6":"book_author-malcolm-gladwell","7":"product_cat-autoayuda-crecimiento-personal","8":"entry"},"_links":{"self":[{"href":"https:\/\/tavapy.gov.py\/biblioteca\/wp-json\/wp\/v2\/product\/7504","targetHints":{"allow":["GET"]}}],"collection":[{"href":"https:\/\/tavapy.gov.py\/biblioteca\/wp-json\/wp\/v2\/product"}],"about":[{"href":"https:\/\/tavapy.gov.py\/biblioteca\/wp-json\/wp\/v2\/types\/product"}],"replies":[{"embeddable":true,"href":"https:\/\/tavapy.gov.py\/biblioteca\/wp-json\/wp\/v2\/comments?post=7504"}],"wp:featuredmedia":[{"embeddable":true,"href":"https:\/\/tavapy.gov.py\/biblioteca\/wp-json\/wp\/v2\/media\/7466"}],"wp:attachment":[{"href":"https:\/\/tavapy.gov.py\/biblioteca\/wp-json\/wp\/v2\/media?parent=7504"}],"wp:term":[{"taxonomy":"product_cat","embeddable":true,"href":"https:\/\/tavapy.gov.py\/biblioteca\/wp-json\/wp\/v2\/product_cat?post=7504"},{"taxonomy":"product_tag","embeddable":true,"href":"https:\/\/tavapy.gov.py\/biblioteca\/wp-json\/wp\/v2\/product_tag?post=7504"}],"curies":[{"name":"wp","href":"https:\/\/api.w.org\/{rel}","templated":true}]}}