{"id":7510,"date":"2024-10-15T01:32:03","date_gmt":"2024-10-15T01:32:03","guid":{"rendered":"https:\/\/tavapy.gov.py\/biblioteca\/?post_type=product&#038;p=7510"},"modified":"2025-09-21T18:54:40","modified_gmt":"2025-09-21T18:54:40","slug":"tengo-inteligencia-emocional","status":"publish","type":"product","link":"https:\/\/tavapy.gov.py\/biblioteca\/product\/tengo-inteligencia-emocional\/","title":{"rendered":"\u00bfTENGO INTELIGENCIA EMOCIONAL?"},"content":{"rendered":"","protected":false},"excerpt":{"rendered":"<p>\u00bfHay emociones positivas y emociones negativas? \u00bfD\u00f3nde est\u00e1n las emociones? \u00bfInfluyen las emociones en la toma de decisiones? \u00bfSe pueden educar las emociones? \u00bfTienen emociones los animales? \u00bfEs lo mismo una emoci\u00f3n que un sentimiento? El libro plantea 30 preguntas sobre emociones e inteligencia emocional. Y propone 29 respuestas basadas en un trabajo de s\u00edntesis de distintas orientaciones psicol\u00f3gicas y human\u00edsticas que tienen en com\u00fan el pensamiento racional, el rigor cient\u00edfico y la demostraci\u00f3n de sus hip\u00f3tesis.<\/p>\n<p>Publicado en 2013, es un libro de inteligencia emocional y de emociones que sugiere estrategias y recursos para mejorar nuestra inteligencia emocional, y nos da todos los elementos que nos permitir\u00e1n contestar a la pregunta final del libro, que el autor nos invita a responder.<\/p>\n<p><a href=\"https:\/\/tavapy.gov.py\/biblioteca\/wp-content\/uploads\/2024\/10\/GuellM-Tengo-inteligencia-emocional.pdf\" rel=\"attachment wp-att-7418\"><img loading=\"lazy\" decoding=\"async\" class=\"alignnone wp-image-7418 size-full\" src=\"https:\/\/tavapy.gov.py\/biblioteca\/wp-content\/uploads\/2023\/03\/icono-PDF-copia-2.png\" alt=\"\" width=\"121\" height=\"140\" \/><\/a><\/p>\n","protected":false},"featured_media":7476,"comment_status":"open","ping_status":"closed","template":"","meta":{"spay_email":""},"product_cat":[631],"product_tag":[],"class_list":{"0":"post-7510","1":"product","2":"type-product","3":"status-publish","4":"has-post-thumbnail","6":"book_author-manel-guell","7":"product_cat-autoayuda-psicologia","8":"entry"},"_links":{"self":[{"href":"https:\/\/tavapy.gov.py\/biblioteca\/wp-json\/wp\/v2\/product\/7510","targetHints":{"allow":["GET"]}}],"collection":[{"href":"https:\/\/tavapy.gov.py\/biblioteca\/wp-json\/wp\/v2\/product"}],"about":[{"href":"https:\/\/tavapy.gov.py\/biblioteca\/wp-json\/wp\/v2\/types\/product"}],"replies":[{"embeddable":true,"href":"https:\/\/tavapy.gov.py\/biblioteca\/wp-json\/wp\/v2\/comments?post=7510"}],"wp:featuredmedia":[{"embeddable":true,"href":"https:\/\/tavapy.gov.py\/biblioteca\/wp-json\/wp\/v2\/media\/7476"}],"wp:attachment":[{"href":"https:\/\/tavapy.gov.py\/biblioteca\/wp-json\/wp\/v2\/media?parent=7510"}],"wp:term":[{"taxonomy":"product_cat","embeddable":true,"href":"https:\/\/tavapy.gov.py\/biblioteca\/wp-json\/wp\/v2\/product_cat?post=7510"},{"taxonomy":"product_tag","embeddable":true,"href":"https:\/\/tavapy.gov.py\/biblioteca\/wp-json\/wp\/v2\/product_tag?post=7510"}],"curies":[{"name":"wp","href":"https:\/\/api.w.org\/{rel}","templated":true}]}}