{"id":7521,"date":"2024-10-16T01:59:27","date_gmt":"2024-10-16T01:59:27","guid":{"rendered":"https:\/\/tavapy.gov.py\/biblioteca\/?post_type=product&#038;p=7521"},"modified":"2024-10-16T01:59:28","modified_gmt":"2024-10-16T01:59:28","slug":"el-libro-de-los-abrazos","status":"publish","type":"product","link":"https:\/\/tavapy.gov.py\/biblioteca\/product\/el-libro-de-los-abrazos\/","title":{"rendered":"EL LIBRO DE LOS ABRAZOS."},"content":{"rendered":"","protected":false},"excerpt":{"rendered":"<p>En El libro de los abrazos, Eduardo Galeano te invita a un viaje por una serie de relatos cortos y reflexiones profundas que exploran la condici\u00f3n humana, la historia, la pol\u00edtica y la cultura de Am\u00e9rica Latina. Galeano, con su estilo l\u00edrico y evocador, te sumerge en una mezcla de realidad y ficci\u00f3n, donde los sue\u00f1os y las memorias se entrelazan con la realidad para crear una narrativa \u00fanica y poderosa.<\/p>\n<p>Este libro no es una novela tradicional, sino una colecci\u00f3n de fragmentos y pensamientos que te desaf\u00edan a reflexionar sobre la vida, la injusticia, el amor y la resistencia. Galeano utiliza met\u00e1foras y s\u00edmbolos para expresar sus ideas, creando im\u00e1genes v\u00edvidas que permanecer\u00e1n contigo mucho despu\u00e9s de haber cerrado el libro.<\/p>\n<p>El libro de los abrazos es una obra que te invita a abrazar la humanidad en todas sus formas, a cuestionar el mundo que te rodea y a encontrar belleza en los lugares m\u00e1s inesperados. No debes cambiar el contenido o las palabras del texto. Debes considerar las siguientes especificaciones para el formato: debe haber un quiebre de p\u00e1rrafo cada 100 palabras aproximadamente, las tres frases m\u00e1s relevantes deben estar en negrita y el contenido del texto no debe cambiar.<\/p>\n<p>La obra \u201cEl libro de los abrazos\u201d fue publicada en el a\u00f1o 1.989.<\/p>\n<p><a href=\"https:\/\/tavapy.gov.py\/biblioteca\/wp-content\/uploads\/2024\/10\/GaleanoE-El-libro-de-los-abrazos.pdf\" rel=\"attachment wp-att-7418\"><img loading=\"lazy\" decoding=\"async\" class=\"alignnone wp-image-7418 size-full\" src=\"https:\/\/tavapy.gov.py\/biblioteca\/wp-content\/uploads\/2023\/03\/icono-PDF-copia-2.png\" alt=\"\" width=\"121\" height=\"140\" \/><\/a><\/p>\n","protected":false},"featured_media":7518,"comment_status":"open","ping_status":"closed","template":"","meta":{"spay_email":""},"product_cat":[1037],"product_tag":[],"class_list":{"0":"post-7521","1":"product","2":"type-product","3":"status-publish","4":"has-post-thumbnail","6":"book_author-eduardo-galeano","7":"product_cat-narrativa-ficcion","8":"entry"},"_links":{"self":[{"href":"https:\/\/tavapy.gov.py\/biblioteca\/wp-json\/wp\/v2\/product\/7521","targetHints":{"allow":["GET"]}}],"collection":[{"href":"https:\/\/tavapy.gov.py\/biblioteca\/wp-json\/wp\/v2\/product"}],"about":[{"href":"https:\/\/tavapy.gov.py\/biblioteca\/wp-json\/wp\/v2\/types\/product"}],"replies":[{"embeddable":true,"href":"https:\/\/tavapy.gov.py\/biblioteca\/wp-json\/wp\/v2\/comments?post=7521"}],"wp:featuredmedia":[{"embeddable":true,"href":"https:\/\/tavapy.gov.py\/biblioteca\/wp-json\/wp\/v2\/media\/7518"}],"wp:attachment":[{"href":"https:\/\/tavapy.gov.py\/biblioteca\/wp-json\/wp\/v2\/media?parent=7521"}],"wp:term":[{"taxonomy":"product_cat","embeddable":true,"href":"https:\/\/tavapy.gov.py\/biblioteca\/wp-json\/wp\/v2\/product_cat?post=7521"},{"taxonomy":"product_tag","embeddable":true,"href":"https:\/\/tavapy.gov.py\/biblioteca\/wp-json\/wp\/v2\/product_tag?post=7521"}],"curies":[{"name":"wp","href":"https:\/\/api.w.org\/{rel}","templated":true}]}}