{"id":7522,"date":"2024-10-16T02:08:15","date_gmt":"2024-10-16T02:08:15","guid":{"rendered":"https:\/\/tavapy.gov.py\/biblioteca\/?post_type=product&#038;p=7522"},"modified":"2024-10-16T02:08:15","modified_gmt":"2024-10-16T02:08:15","slug":"inteligencia-ecologica-la-nueva-era-de-transparencia-radical","status":"publish","type":"product","link":"https:\/\/tavapy.gov.py\/biblioteca\/product\/inteligencia-ecologica-la-nueva-era-de-transparencia-radical\/","title":{"rendered":"INTELIGENCIA ECOL\u00d3GICA. LA NUEVA ERA DE TRANSPARENCIA RADICAL."},"content":{"rendered":"","protected":false},"excerpt":{"rendered":"<p>Despu\u00e9s de los \u00e9xitos de Inteligencia emocional e Inteligencia social, Daniel Goleman introduce el revolucionario concepto de inteligencia ecol\u00f3gica: la comprensi\u00f3n de los impactos ecol\u00f3gicos ocultos y la determinaci\u00f3n de mejorarlos, obra publicada en 2009. Independientemente de que seamos un simple consumidor, el jefe de compras de una empresa o un director de producto, el conocimiento del impacto ecol\u00f3gico de lo que adquirimos, fabricamos o vendemos es fundamental para tomar decisiones m\u00e1s acordes con nuestros valores y, as\u00ed, influir positivamente en nuestro futuro y en el del planeta.<\/p>\n<p>Para los consumidores, la inteligencia ecol\u00f3gica es la llave que nos permite inclinar la balanza del mercado hacia ingredientes, tecnolog\u00edas y dise\u00f1os que respeten nuestros valores. Para las empresas, la inteligencia ecol\u00f3gica significa modificar los procesos industriales teniendo en cuenta sus consecuencias medioambientales. Para el empresario del siglo XXI el reto consiste en lograr la \u00abtransparencia radical\u00bb del producto.<\/p>\n<p>De esta manera, el mundo del comercio puede ir corrigi\u00e9ndose, no s\u00f3lo en nombre de la responsabilidad, sino tambi\u00e9n en el de su b\u00fasqueda del beneficio, desbloqueando al fin el viejo antagonismo entre los objetivos de la empresa y los del inter\u00e9s p\u00fablico. Inteligencia ecol\u00f3gica aporta las claves necesarias para convertirnos en jugadores activos en determinar el curso del planeta, de nuestra salud y de nuestro destino com\u00fan.<\/p>\n<p><a href=\"https:\/\/tavapy.gov.py\/biblioteca\/wp-content\/uploads\/2024\/10\/GolemanD-Inteligencia-Ecologica.pdf\" rel=\"attachment wp-att-7418\"><img loading=\"lazy\" decoding=\"async\" class=\"alignnone wp-image-7418 size-full\" src=\"https:\/\/tavapy.gov.py\/biblioteca\/wp-content\/uploads\/2023\/03\/icono-PDF-copia-2.png\" alt=\"\" width=\"121\" height=\"140\" \/><\/a><\/p>\n","protected":false},"featured_media":7474,"comment_status":"open","ping_status":"closed","template":"","meta":{"spay_email":""},"product_cat":[1035],"product_tag":[],"class_list":{"0":"post-7522","1":"product","2":"type-product","3":"status-publish","4":"has-post-thumbnail","6":"book_author-daniel-goleman","7":"product_cat-ecologia-ensayo","8":"entry"},"_links":{"self":[{"href":"https:\/\/tavapy.gov.py\/biblioteca\/wp-json\/wp\/v2\/product\/7522","targetHints":{"allow":["GET"]}}],"collection":[{"href":"https:\/\/tavapy.gov.py\/biblioteca\/wp-json\/wp\/v2\/product"}],"about":[{"href":"https:\/\/tavapy.gov.py\/biblioteca\/wp-json\/wp\/v2\/types\/product"}],"replies":[{"embeddable":true,"href":"https:\/\/tavapy.gov.py\/biblioteca\/wp-json\/wp\/v2\/comments?post=7522"}],"wp:featuredmedia":[{"embeddable":true,"href":"https:\/\/tavapy.gov.py\/biblioteca\/wp-json\/wp\/v2\/media\/7474"}],"wp:attachment":[{"href":"https:\/\/tavapy.gov.py\/biblioteca\/wp-json\/wp\/v2\/media?parent=7522"}],"wp:term":[{"taxonomy":"product_cat","embeddable":true,"href":"https:\/\/tavapy.gov.py\/biblioteca\/wp-json\/wp\/v2\/product_cat?post=7522"},{"taxonomy":"product_tag","embeddable":true,"href":"https:\/\/tavapy.gov.py\/biblioteca\/wp-json\/wp\/v2\/product_tag?post=7522"}],"curies":[{"name":"wp","href":"https:\/\/api.w.org\/{rel}","templated":true}]}}