{"id":7524,"date":"2024-10-16T02:16:40","date_gmt":"2024-10-16T02:16:40","guid":{"rendered":"https:\/\/tavapy.gov.py\/biblioteca\/?post_type=product&#038;p=7524"},"modified":"2024-10-16T02:18:50","modified_gmt":"2024-10-16T02:18:50","slug":"la-teoria-del-todo-el-origen-y-el-destino-del-universo","status":"publish","type":"product","link":"https:\/\/tavapy.gov.py\/biblioteca\/product\/la-teoria-del-todo-el-origen-y-el-destino-del-universo\/","title":{"rendered":"LA TEOR\u00cdA DEL TODO. EL ORIGEN Y EL DESTINO DEL UNIVERSO"},"content":{"rendered":"","protected":false},"excerpt":{"rendered":"<p>En esta esclarecedora obra publicada en 2002, el gran f\u00edsico brit\u00e1nico Stephen Hawking nos ofrece una historia del universo, del big bang a los agujeros negros.<\/p>\n<p>En siete pasos, Hawking logra explicar la historia del universo, desde las primeras teor\u00edas del mundo griego y de la \u00e9poca medieval hasta las m\u00e1s complejas teor\u00edas actuales, siempre con su caracter\u00edstico tono did\u00e1ctico y accesible a todos los p\u00fablicos.<\/p>\n<p>Newton, Einstein, la mec\u00e1nica cu\u00e1ntica, los agujeros negros y la teor\u00eda de la gran unificaci\u00f3n desfilan por estas p\u00e1ginas acercando al lector los misterios del universo.<\/p>\n<p><a href=\"https:\/\/tavapy.gov.py\/biblioteca\/wp-content\/uploads\/2024\/10\/HawkingS-La-teoria-del-todo.-El-origen-y-el-destino-del-universo.pdf\" rel=\"attachment wp-att-7418\"><img loading=\"lazy\" decoding=\"async\" class=\"alignnone wp-image-7418 size-full\" src=\"https:\/\/tavapy.gov.py\/biblioteca\/wp-content\/uploads\/2023\/03\/icono-PDF-copia-2.png\" alt=\"\" width=\"121\" height=\"140\" \/><\/a><\/p>\n","protected":false},"featured_media":7479,"comment_status":"open","ping_status":"closed","template":"","meta":{"spay_email":""},"product_cat":[227],"product_tag":[],"class_list":{"0":"post-7524","1":"product","2":"type-product","3":"status-publish","4":"has-post-thumbnail","6":"book_author-stephen-hawking","7":"product_cat-ciencia-divulgacion-cientifica","8":"entry"},"_links":{"self":[{"href":"https:\/\/tavapy.gov.py\/biblioteca\/wp-json\/wp\/v2\/product\/7524","targetHints":{"allow":["GET"]}}],"collection":[{"href":"https:\/\/tavapy.gov.py\/biblioteca\/wp-json\/wp\/v2\/product"}],"about":[{"href":"https:\/\/tavapy.gov.py\/biblioteca\/wp-json\/wp\/v2\/types\/product"}],"replies":[{"embeddable":true,"href":"https:\/\/tavapy.gov.py\/biblioteca\/wp-json\/wp\/v2\/comments?post=7524"}],"wp:featuredmedia":[{"embeddable":true,"href":"https:\/\/tavapy.gov.py\/biblioteca\/wp-json\/wp\/v2\/media\/7479"}],"wp:attachment":[{"href":"https:\/\/tavapy.gov.py\/biblioteca\/wp-json\/wp\/v2\/media?parent=7524"}],"wp:term":[{"taxonomy":"product_cat","embeddable":true,"href":"https:\/\/tavapy.gov.py\/biblioteca\/wp-json\/wp\/v2\/product_cat?post=7524"},{"taxonomy":"product_tag","embeddable":true,"href":"https:\/\/tavapy.gov.py\/biblioteca\/wp-json\/wp\/v2\/product_tag?post=7524"}],"curies":[{"name":"wp","href":"https:\/\/api.w.org\/{rel}","templated":true}]}}