{"id":7538,"date":"2024-10-20T18:39:50","date_gmt":"2024-10-20T18:39:50","guid":{"rendered":"https:\/\/tavapy.gov.py\/biblioteca\/?post_type=product&#038;p=7538"},"modified":"2024-10-20T18:39:50","modified_gmt":"2024-10-20T18:39:50","slug":"administracion-de-operaciones-produccion-y-cadena-de-suministros","status":"publish","type":"product","link":"https:\/\/tavapy.gov.py\/biblioteca\/product\/administracion-de-operaciones-produccion-y-cadena-de-suministros\/","title":{"rendered":"ADMINISTRACI\u00d3N DE OPERACIONES. PRODUCCI\u00d3N Y CADENA DE SUMINISTROS."},"content":{"rendered":"","protected":false},"excerpt":{"rendered":"<p>Publicada en 2011, Administraci\u00f3n de operaciones: producci\u00f3n y cadena de suministros contin\u00faa siendo el texto l\u00edder en el mercado por su cobertura clara y vanguardista, ya que incluye los conceptos fundamentales de la administraci\u00f3n de operaciones, servicios y cadenas de suministro modernas.<\/p>\n<p>El contenido referente a la cadena de suministro ha sido ampliado, especialmente en las \u00e1reas de compras y selecci\u00f3n estrat\u00e9gicas, as\u00ed como con el an\u00e1lisis de cadenas de suministro esbeltas. Se incluyen temas relacionados con operaciones ecol\u00f3gicas, la sostenibilidad y el tripe objetivo.<\/p>\n<p>Se agrega un cap\u00edtulo acerca de los procesos en los servicios m\u00e9dicos. En \u00e9l se describen las caracter\u00edsticas particulares de hospitales y cl\u00ednicas en un contexto que pospone en conexi\u00f3n con otros temas del libro.<\/p>\n<p>Se incluye un cuestionario al final de cada cap\u00edtulo, que permite a los alumnos poner a prueba sus conocimientos con preguntas similares a un examen.<\/p>\n<p><a href=\"https:\/\/tavapy.gov.py\/biblioteca\/wp-content\/uploads\/2024\/10\/ChaseR-Administracion-de-Operaciones.pdf\" rel=\"attachment wp-att-7418\"><img loading=\"lazy\" decoding=\"async\" class=\"alignnone wp-image-7418 size-full\" src=\"https:\/\/tavapy.gov.py\/biblioteca\/wp-content\/uploads\/2023\/03\/icono-PDF-copia-2.png\" alt=\"\" width=\"121\" height=\"140\" \/><\/a><\/p>\n","protected":false},"featured_media":7526,"comment_status":"open","ping_status":"closed","template":"","meta":{"spay_email":""},"product_cat":[1040],"product_tag":[],"class_list":{"0":"post-7538","1":"product","2":"type-product","3":"status-publish","4":"has-post-thumbnail","6":"book_author-richard-b-chase","7":"product_cat-economia-y-empresa-economia-industrial","8":"entry"},"_links":{"self":[{"href":"https:\/\/tavapy.gov.py\/biblioteca\/wp-json\/wp\/v2\/product\/7538","targetHints":{"allow":["GET"]}}],"collection":[{"href":"https:\/\/tavapy.gov.py\/biblioteca\/wp-json\/wp\/v2\/product"}],"about":[{"href":"https:\/\/tavapy.gov.py\/biblioteca\/wp-json\/wp\/v2\/types\/product"}],"replies":[{"embeddable":true,"href":"https:\/\/tavapy.gov.py\/biblioteca\/wp-json\/wp\/v2\/comments?post=7538"}],"wp:featuredmedia":[{"embeddable":true,"href":"https:\/\/tavapy.gov.py\/biblioteca\/wp-json\/wp\/v2\/media\/7526"}],"wp:attachment":[{"href":"https:\/\/tavapy.gov.py\/biblioteca\/wp-json\/wp\/v2\/media?parent=7538"}],"wp:term":[{"taxonomy":"product_cat","embeddable":true,"href":"https:\/\/tavapy.gov.py\/biblioteca\/wp-json\/wp\/v2\/product_cat?post=7538"},{"taxonomy":"product_tag","embeddable":true,"href":"https:\/\/tavapy.gov.py\/biblioteca\/wp-json\/wp\/v2\/product_tag?post=7538"}],"curies":[{"name":"wp","href":"https:\/\/api.w.org\/{rel}","templated":true}]}}