{"id":7540,"date":"2024-10-20T18:56:00","date_gmt":"2024-10-20T18:56:00","guid":{"rendered":"https:\/\/tavapy.gov.py\/biblioteca\/?post_type=product&#038;p=7540"},"modified":"2024-10-20T18:56:00","modified_gmt":"2024-10-20T18:56:00","slug":"etica-y-moral-la-busqueda-de-los-fundamentos","status":"publish","type":"product","link":"https:\/\/tavapy.gov.py\/biblioteca\/product\/etica-y-moral-la-busqueda-de-los-fundamentos\/","title":{"rendered":"\u00c9TICA Y MORAL. LA B\u00daSQUEDA DE LOS FUNDAMENTOS."},"content":{"rendered":"","protected":false},"excerpt":{"rendered":"<p>Contra la apat\u00eda dominante y la confusi\u00f3n generalizada acerca de lo que es bueno o malo, correcto o err\u00f3neo en t\u00e9rminos \u00e9ticos y morales, Leonardo Boff, en esta obra publicada en 2003, ofrece unas reflexiones que aportan claridad y motivaciones para un comportamiento \u00e9tico y moral responsable y a la altura de los desaf\u00edos contempor\u00e1neos.<\/p>\n<p>Partiendo de las experiencias originarias que se dan en la vida diaria de las personas, trata de identificar los fundamentos de la \u00e9tica y de la moral, como cuidar, compadecerse, solidarizarse, etc.<\/p>\n<p>De este modo vuelve a situar la \u00e9tica y la moral en la vida y en la pr\u00e1ctica, pues \u00e9se debe ser su lugar, haciendo que las personas se sientan estimuladas a ser mejores, m\u00e1s responsables, m\u00e1s solidarias y m\u00e1s respetuosas de la complejidad y belleza de la naturaleza. No se trata de pensar en las virtudes, sino de ser virtuosos.<\/p>\n<p><a href=\"https:\/\/tavapy.gov.py\/biblioteca\/wp-content\/uploads\/2024\/10\/BoffL-Etica-Moral-La-busqueda-de-los-fundamentos.pdf\" rel=\"attachment wp-att-7418\"><img loading=\"lazy\" decoding=\"async\" class=\"alignnone wp-image-7418 size-full\" src=\"https:\/\/tavapy.gov.py\/biblioteca\/wp-content\/uploads\/2023\/03\/icono-PDF-copia-2.png\" alt=\"\" width=\"121\" height=\"140\" \/><\/a><\/p>\n","protected":false},"featured_media":7529,"comment_status":"open","ping_status":"closed","template":"","meta":{"spay_email":""},"product_cat":[691],"product_tag":[],"class_list":{"0":"post-7540","1":"product","2":"type-product","3":"status-publish","4":"has-post-thumbnail","6":"book_author-leonardo-boff","7":"product_cat-filosofia-etica","8":"entry"},"_links":{"self":[{"href":"https:\/\/tavapy.gov.py\/biblioteca\/wp-json\/wp\/v2\/product\/7540","targetHints":{"allow":["GET"]}}],"collection":[{"href":"https:\/\/tavapy.gov.py\/biblioteca\/wp-json\/wp\/v2\/product"}],"about":[{"href":"https:\/\/tavapy.gov.py\/biblioteca\/wp-json\/wp\/v2\/types\/product"}],"replies":[{"embeddable":true,"href":"https:\/\/tavapy.gov.py\/biblioteca\/wp-json\/wp\/v2\/comments?post=7540"}],"wp:featuredmedia":[{"embeddable":true,"href":"https:\/\/tavapy.gov.py\/biblioteca\/wp-json\/wp\/v2\/media\/7529"}],"wp:attachment":[{"href":"https:\/\/tavapy.gov.py\/biblioteca\/wp-json\/wp\/v2\/media?parent=7540"}],"wp:term":[{"taxonomy":"product_cat","embeddable":true,"href":"https:\/\/tavapy.gov.py\/biblioteca\/wp-json\/wp\/v2\/product_cat?post=7540"},{"taxonomy":"product_tag","embeddable":true,"href":"https:\/\/tavapy.gov.py\/biblioteca\/wp-json\/wp\/v2\/product_tag?post=7540"}],"curies":[{"name":"wp","href":"https:\/\/api.w.org\/{rel}","templated":true}]}}