{"id":7541,"date":"2024-10-20T19:06:28","date_gmt":"2024-10-20T19:06:28","guid":{"rendered":"https:\/\/tavapy.gov.py\/biblioteca\/?post_type=product&#038;p=7541"},"modified":"2024-10-20T20:03:11","modified_gmt":"2024-10-20T20:03:11","slug":"la-psicoterapia-al-alcance-de-todos-conferencias-radiofonicas-sobre-terapeutica-psiquicas","status":"publish","type":"product","link":"https:\/\/tavapy.gov.py\/biblioteca\/product\/la-psicoterapia-al-alcance-de-todos-conferencias-radiofonicas-sobre-terapeutica-psiquicas\/","title":{"rendered":"LA PSICOTERAPIA AL ALCANCE DE TODOS. CONFERENCIAS RADIOF\u00d3NICAS SOBRE TERAP\u00c9UTICA PS\u00cdQUICA."},"content":{"rendered":"","protected":false},"excerpt":{"rendered":"<p>Publicada en 1995, la psicoterapia al alcance de todos es una recopilaci\u00f3n y ampliaci\u00f3n de conferencias radiof\u00f3nicas de los \u00faltimos veinte a\u00f1os, cuya repercusi\u00f3n en los oyentes ha sido tan grande que la mayor\u00eda de ellas han tenido que ser repetidas, hallando de nuevo el mismo eco.<\/p>\n<p>El presente libro nos ofrece, junto con el lenguaje de un ameno discurso, dos cosas diferentes: por un lado, una exposici\u00f3n de cuestiones psiqui\u00e1tricas y psicoterap\u00e9uticas fundamentales, comprensible para todos y consciente de todos los problemas que lleva consigo tal empresa, sin hacer hincapi\u00e9 en la orientaci\u00f3n de ninguna escuela; por otro lado -algo \u00fanico en la literatura psiqui\u00e1trica de nuestro tiempo-, una \u2018psicoterapia ante el micr\u00f3fono\u2019. Lo que se puede leer en estas p\u00e1ginas es un poco de higiene ps\u00edquica pr\u00e1ctica.<\/p>\n<p><a href=\"https:\/\/tavapy.gov.py\/biblioteca\/wp-content\/uploads\/2024\/10\/FranklV-La-Psicoterapia-Al-Alcance-De-Todos.pdf\" rel=\"attachment wp-att-7418\"><img loading=\"lazy\" decoding=\"async\" class=\"alignnone wp-image-7418 size-full\" src=\"https:\/\/tavapy.gov.py\/biblioteca\/wp-content\/uploads\/2023\/03\/icono-PDF-copia-2.png\" alt=\"\" width=\"121\" height=\"140\" \/><\/a><\/p>\n","protected":false},"featured_media":7532,"comment_status":"open","ping_status":"closed","template":"","meta":{"spay_email":""},"product_cat":[260],"product_tag":[],"class_list":{"0":"post-7541","1":"product","2":"type-product","3":"status-publish","4":"has-post-thumbnail","6":"book_author-viktor-frankl","7":"product_cat-psicologia-psicoterapia","8":"entry"},"_links":{"self":[{"href":"https:\/\/tavapy.gov.py\/biblioteca\/wp-json\/wp\/v2\/product\/7541","targetHints":{"allow":["GET"]}}],"collection":[{"href":"https:\/\/tavapy.gov.py\/biblioteca\/wp-json\/wp\/v2\/product"}],"about":[{"href":"https:\/\/tavapy.gov.py\/biblioteca\/wp-json\/wp\/v2\/types\/product"}],"replies":[{"embeddable":true,"href":"https:\/\/tavapy.gov.py\/biblioteca\/wp-json\/wp\/v2\/comments?post=7541"}],"wp:featuredmedia":[{"embeddable":true,"href":"https:\/\/tavapy.gov.py\/biblioteca\/wp-json\/wp\/v2\/media\/7532"}],"wp:attachment":[{"href":"https:\/\/tavapy.gov.py\/biblioteca\/wp-json\/wp\/v2\/media?parent=7541"}],"wp:term":[{"taxonomy":"product_cat","embeddable":true,"href":"https:\/\/tavapy.gov.py\/biblioteca\/wp-json\/wp\/v2\/product_cat?post=7541"},{"taxonomy":"product_tag","embeddable":true,"href":"https:\/\/tavapy.gov.py\/biblioteca\/wp-json\/wp\/v2\/product_tag?post=7541"}],"curies":[{"name":"wp","href":"https:\/\/api.w.org\/{rel}","templated":true}]}}