{"id":7543,"date":"2024-10-20T19:20:22","date_gmt":"2024-10-20T19:20:22","guid":{"rendered":"https:\/\/tavapy.gov.py\/biblioteca\/?post_type=product&#038;p=7543"},"modified":"2024-10-20T19:20:22","modified_gmt":"2024-10-20T19:20:22","slug":"que-es-la-filosofia","status":"publish","type":"product","link":"https:\/\/tavapy.gov.py\/biblioteca\/product\/que-es-la-filosofia\/","title":{"rendered":"\u00bfQU\u00c9 ES LA FILOSOF\u00cdA?"},"content":{"rendered":"","protected":false},"excerpt":{"rendered":"<p>\u00bfQu\u00e9 es la filosof\u00eda? es el texto de una conferencia que Heidegger imparti\u00f3 en la ciudad normanda de Cerisy-la Salle en el a\u00f1o 1955. El texto gira en torno al papel que puede jugar la filosof\u00eda en una sociedad dominada por la tecnolog\u00eda y amenazada constantemente por el riesgo de una destrucci\u00f3n at\u00f3mica del planeta.<\/p>\n<p>Por tanto, nos hallamos ante una conferencia que contiene los elementos esenciales del pensamiento maduro del autor: desde la implacable cr\u00edtica a la t\u00e9cnica y el supuesto final de la filosof\u00eda, hasta la fragmentaci\u00f3n de la identidad humana, el gradual debilitamiento de los valores del humanismo o las aportaciones de la poes\u00eda.<\/p>\n<p><a href=\"https:\/\/tavapy.gov.py\/biblioteca\/wp-content\/uploads\/2024\/10\/HeideggerM-Que-es-la-filosofia.pdf\" rel=\"attachment wp-att-7418\"><img loading=\"lazy\" decoding=\"async\" class=\"alignnone wp-image-7418 size-full\" src=\"https:\/\/tavapy.gov.py\/biblioteca\/wp-content\/uploads\/2023\/03\/icono-PDF-copia-2.png\" alt=\"\" width=\"121\" height=\"140\" \/><\/a><\/p>\n","protected":false},"featured_media":7536,"comment_status":"open","ping_status":"closed","template":"","meta":{"spay_email":""},"product_cat":[59],"product_tag":[],"class_list":{"0":"post-7543","1":"product","2":"type-product","3":"status-publish","4":"has-post-thumbnail","6":"book_author-martin-heidegger","7":"product_cat-filosofia","8":"entry"},"_links":{"self":[{"href":"https:\/\/tavapy.gov.py\/biblioteca\/wp-json\/wp\/v2\/product\/7543","targetHints":{"allow":["GET"]}}],"collection":[{"href":"https:\/\/tavapy.gov.py\/biblioteca\/wp-json\/wp\/v2\/product"}],"about":[{"href":"https:\/\/tavapy.gov.py\/biblioteca\/wp-json\/wp\/v2\/types\/product"}],"replies":[{"embeddable":true,"href":"https:\/\/tavapy.gov.py\/biblioteca\/wp-json\/wp\/v2\/comments?post=7543"}],"wp:featuredmedia":[{"embeddable":true,"href":"https:\/\/tavapy.gov.py\/biblioteca\/wp-json\/wp\/v2\/media\/7536"}],"wp:attachment":[{"href":"https:\/\/tavapy.gov.py\/biblioteca\/wp-json\/wp\/v2\/media?parent=7543"}],"wp:term":[{"taxonomy":"product_cat","embeddable":true,"href":"https:\/\/tavapy.gov.py\/biblioteca\/wp-json\/wp\/v2\/product_cat?post=7543"},{"taxonomy":"product_tag","embeddable":true,"href":"https:\/\/tavapy.gov.py\/biblioteca\/wp-json\/wp\/v2\/product_tag?post=7543"}],"curies":[{"name":"wp","href":"https:\/\/api.w.org\/{rel}","templated":true}]}}